{"id":12965,"date":"2026-01-23T18:47:54","date_gmt":"2026-01-23T18:47:54","guid":{"rendered":"https:\/\/ideapresentation.shop\/?post_type=product&#038;p=12965"},"modified":"2026-02-04T20:26:23","modified_gmt":"2026-02-04T20:26:23","slug":"buenito-bar-350g-hazelnut-and-kunafa-chocolate-bar-dessert-bonbon","status":"publish","type":"product","link":"https:\/\/ideapresentation.shop\/pl\/produkt\/buenito-bar-350g-hazelnut-and-kunafa-chocolate-bar-dessert-bonbon\/","title":{"rendered":"Baton Buenito - 350g Baton czekoladowy z orzechami laskowymi i Kunafa Bonbon deserowy"},"content":{"rendered":"<p><img loading=\"lazy\" decoding=\"async\" class=\"alignnone size-full wp-image-12966\" src=\"https:\/\/ideapresentation.shop\/wp-content\/uploads\/2026\/01\/IMG_3857-scaled.webp\" alt=\"\" width=\"2560\" height=\"2560\" srcset=\"https:\/\/ideapresentation.shop\/wp-content\/uploads\/2026\/01\/IMG_3857-scaled.webp 2560w, https:\/\/ideapresentation.shop\/wp-content\/uploads\/2026\/01\/IMG_3857-300x300.webp 300w, https:\/\/ideapresentation.shop\/wp-content\/uploads\/2026\/01\/IMG_3857-1024x1024.webp 1024w, https:\/\/ideapresentation.shop\/wp-content\/uploads\/2026\/01\/IMG_3857-150x150.webp 150w, https:\/\/ideapresentation.shop\/wp-content\/uploads\/2026\/01\/IMG_3857-768x768.webp 768w, https:\/\/ideapresentation.shop\/wp-content\/uploads\/2026\/01\/IMG_3857-1536x1536.webp 1536w, https:\/\/ideapresentation.shop\/wp-content\/uploads\/2026\/01\/IMG_3857-2048x2048.webp 2048w, https:\/\/ideapresentation.shop\/wp-content\/uploads\/2026\/01\/IMG_3857-12x12.webp 12w, https:\/\/ideapresentation.shop\/wp-content\/uploads\/2026\/01\/IMG_3857-600x600.webp 600w, https:\/\/ideapresentation.shop\/wp-content\/uploads\/2026\/01\/IMG_3857-100x100.webp 100w, https:\/\/ideapresentation.shop\/wp-content\/uploads\/2026\/01\/IMG_3857-50x50.webp 50w, https:\/\/ideapresentation.shop\/wp-content\/uploads\/2026\/01\/IMG_3857-1x1.webp 1w, https:\/\/ideapresentation.shop\/wp-content\/uploads\/2026\/01\/IMG_3857-10x10.webp 10w\" sizes=\"auto, (max-width: 2560px) 100vw, 2560px\" \/> <img loading=\"lazy\" decoding=\"async\" class=\"alignnone size-full wp-image-12967\" src=\"https:\/\/ideapresentation.shop\/wp-content\/uploads\/2026\/01\/IMG_3884-scaled.webp\" alt=\"\" width=\"2560\" height=\"2560\" srcset=\"https:\/\/ideapresentation.shop\/wp-content\/uploads\/2026\/01\/IMG_3884-scaled.webp 2560w, https:\/\/ideapresentation.shop\/wp-content\/uploads\/2026\/01\/IMG_3884-300x300.webp 300w, https:\/\/ideapresentation.shop\/wp-content\/uploads\/2026\/01\/IMG_3884-1024x1024.webp 1024w, https:\/\/ideapresentation.shop\/wp-content\/uploads\/2026\/01\/IMG_3884-150x150.webp 150w, https:\/\/ideapresentation.shop\/wp-content\/uploads\/2026\/01\/IMG_3884-768x768.webp 768w, https:\/\/ideapresentation.shop\/wp-content\/uploads\/2026\/01\/IMG_3884-1536x1536.webp 1536w, https:\/\/ideapresentation.shop\/wp-content\/uploads\/2026\/01\/IMG_3884-2048x2048.webp 2048w, https:\/\/ideapresentation.shop\/wp-content\/uploads\/2026\/01\/IMG_3884-12x12.webp 12w, https:\/\/ideapresentation.shop\/wp-content\/uploads\/2026\/01\/IMG_3884-600x600.webp 600w, https:\/\/ideapresentation.shop\/wp-content\/uploads\/2026\/01\/IMG_3884-100x100.webp 100w, https:\/\/ideapresentation.shop\/wp-content\/uploads\/2026\/01\/IMG_3884-50x50.webp 50w, https:\/\/ideapresentation.shop\/wp-content\/uploads\/2026\/01\/IMG_3884-1x1.webp 1w, https:\/\/ideapresentation.shop\/wp-content\/uploads\/2026\/01\/IMG_3884-10x10.webp 10w\" sizes=\"auto, (max-width: 2560px) 100vw, 2560px\" \/> <img loading=\"lazy\" decoding=\"async\" class=\"alignnone size-full wp-image-12968\" src=\"https:\/\/ideapresentation.shop\/wp-content\/uploads\/2026\/01\/IMG_3859-scaled.webp\" alt=\"\" width=\"2560\" height=\"2560\" srcset=\"https:\/\/ideapresentation.shop\/wp-content\/uploads\/2026\/01\/IMG_3859-scaled.webp 2560w, https:\/\/ideapresentation.shop\/wp-content\/uploads\/2026\/01\/IMG_3859-300x300.webp 300w, https:\/\/ideapresentation.shop\/wp-content\/uploads\/2026\/01\/IMG_3859-1024x1024.webp 1024w, https:\/\/ideapresentation.shop\/wp-content\/uploads\/2026\/01\/IMG_3859-150x150.webp 150w, https:\/\/ideapresentation.shop\/wp-content\/uploads\/2026\/01\/IMG_3859-768x768.webp 768w, https:\/\/ideapresentation.shop\/wp-content\/uploads\/2026\/01\/IMG_3859-1536x1536.webp 1536w, https:\/\/ideapresentation.shop\/wp-content\/uploads\/2026\/01\/IMG_3859-2048x2048.webp 2048w, https:\/\/ideapresentation.shop\/wp-content\/uploads\/2026\/01\/IMG_3859-12x12.webp 12w, https:\/\/ideapresentation.shop\/wp-content\/uploads\/2026\/01\/IMG_3859-600x600.webp 600w, https:\/\/ideapresentation.shop\/wp-content\/uploads\/2026\/01\/IMG_3859-100x100.webp 100w, https:\/\/ideapresentation.shop\/wp-content\/uploads\/2026\/01\/IMG_3859-50x50.webp 50w, https:\/\/ideapresentation.shop\/wp-content\/uploads\/2026\/01\/IMG_3859-1x1.webp 1w, https:\/\/ideapresentation.shop\/wp-content\/uploads\/2026\/01\/IMG_3859-10x10.webp 10w\" sizes=\"auto, (max-width: 2560px) 100vw, 2560px\" \/><\/p>\n<h3 data-start=\"305\" data-end=\"373\"><strong data-start=\"307\" data-end=\"373\">Limitowana edycja baton\u00f3w czekoladowych z nadzieniem - dost\u0119pne dwa smaki<\/strong><\/h3>\n<p data-start=\"375\" data-end=\"687\">\u015awi\u0119tuj sezon z naszym\u00a0<strong data-start=\"405\" data-end=\"446\">Limitowana edycja baton\u00f3w czekoladowych z nadzieniem<\/strong>, r\u0119cznie wytwarzane w ma\u0142ych partiach i stworzone, aby podkre\u015bli\u0107 najbardziej pob\u0142a\u017cliwe smaki \u015bwi\u0105t Bo\u017cego Narodzenia. Dost\u0119pny w dw\u00f3ch luksusowych odmianach, ka\u017cdy batonik oferuje bogat\u0105, aksamitn\u0105 czekoladow\u0105 skorupk\u0119 obficie wype\u0142nion\u0105, dzi\u0119ki czemu jest naprawd\u0119 nieodpartym \u015bwi\u0105tecznym przysmakiem.<\/p>\n<hr data-start=\"689\" data-end=\"692\" \/>\n<h3 data-start=\"694\" data-end=\"723\"><strong data-start=\"697\" data-end=\"721\">Chrupi\u0105ce pistacje<\/strong><\/h3>\n<p data-start=\"724\" data-end=\"1097\">Do\u015bwiadcz doskona\u0142ej harmonii tekstur i smak\u00f3w w naszym\u00a0<strong data-start=\"787\" data-end=\"822\">Chrupi\u0105cy baton czekoladowy pistacjowy<\/strong>. Wykonane z\u00a0<strong data-start=\"834\" data-end=\"861\">bogata czekolada mleczna 41%<\/strong>\u00a0i bogato wype\u0142nione\u00a0<strong data-start=\"887\" data-end=\"916\">Chrupi\u0105cy ganasz pistacjowy<\/strong>, Wykonane z prawdziwych pra\u017conych pistacji i karmelizowanego wafla, zapewniaj\u0105cego g\u0142\u0119bi\u0119, chrupko\u015b\u0107 i autentyczno\u015b\u0107.<br data-start=\"1012\" data-end=\"1015\" \/>Skrupulatnie wykonane r\u0119cznie, aby zapewni\u0107 wyj\u0105tkow\u0105 jako\u015b\u0107 i niezapomniany smak.<\/p>\n<p data-start=\"1099\" data-end=\"1177\"><strong data-start=\"1099\" data-end=\"1177\">200g - Bez alkoholu - Bez sztucznych barwnik\u00f3w - Bez sztucznych aromat\u00f3w<\/strong><\/p>\n<hr data-start=\"1179\" data-end=\"1182\" \/>\n<h3 data-start=\"1184\" data-end=\"1223\"><strong data-start=\"1187\" data-end=\"1221\">Ciasto miodowe i solony karmel<\/strong><\/h3>\n<p data-start=\"1224\" data-end=\"1569\">\u015awi\u0105teczny faworyt w nowej ods\u0142onie. Ten baton ma delikatny, aromatyczny\u00a0<strong data-start=\"1292\" data-end=\"1306\">ciasto miodowe<\/strong>\u00a0Nasycony ciep\u0142ymi przyprawami, takimi jak cynamon i go\u017adziki, w po\u0142\u0105czeniu z jedwabistym,\u00a0<strong data-start=\"1387\" data-end=\"1414\">soczysty solony karmel<\/strong>, Ca\u0142o\u015b\u0107 oblana najwy\u017cszej jako\u015bci belgijsk\u0105 mleczn\u0105 czekolad\u0105.<br data-start=\"1462\" data-end=\"1465\" \/>Bogaty, pocieszaj\u0105cy i pi\u0119knie zbalansowany, idealny towarzysz herbaty, kawy lub przytulnych zimowych chwil.<\/p>\n<p data-start=\"1571\" data-end=\"1649\"><strong data-start=\"1571\" data-end=\"1649\">200g - Bez alkoholu - Bez sztucznych barwnik\u00f3w - Bez sztucznych aromat\u00f3w<\/strong><\/p>","protected":false},"excerpt":{"rendered":"<p>Limited Edition Filled Chocolate Bars \u2013 Two Flavours Available Celebrate the season with our\u00a0Limited Edition Filled Chocolate Bars, handcrafted in&#8230;<\/p>","protected":false},"featured_media":12966,"comment_status":"open","ping_status":"closed","template":"","meta":{"_acf_changed":false},"etheme_brands":[],"product_brand":[],"product_cat":[118],"product_tag":[],"class_list":{"0":"post-12965","1":"product","2":"type-product","3":"status-publish","4":"has-post-thumbnail","6":"product_cat-sale-shop","8":"first","9":"instock","10":"sale","11":"shipping-taxable","12":"purchasable","13":"product-type-simple"},"acf":[],"_links":{"self":[{"href":"https:\/\/ideapresentation.shop\/pl\/wp-json\/wp\/v2\/product\/12965","targetHints":{"allow":["GET"]}}],"collection":[{"href":"https:\/\/ideapresentation.shop\/pl\/wp-json\/wp\/v2\/product"}],"about":[{"href":"https:\/\/ideapresentation.shop\/pl\/wp-json\/wp\/v2\/types\/product"}],"replies":[{"embeddable":true,"href":"https:\/\/ideapresentation.shop\/pl\/wp-json\/wp\/v2\/comments?post=12965"}],"version-history":[{"count":1,"href":"https:\/\/ideapresentation.shop\/pl\/wp-json\/wp\/v2\/product\/12965\/revisions"}],"predecessor-version":[{"id":12980,"href":"https:\/\/ideapresentation.shop\/pl\/wp-json\/wp\/v2\/product\/12965\/revisions\/12980"}],"wp:featuredmedia":[{"embeddable":true,"href":"https:\/\/ideapresentation.shop\/pl\/wp-json\/wp\/v2\/media\/12966"}],"wp:attachment":[{"href":"https:\/\/ideapresentation.shop\/pl\/wp-json\/wp\/v2\/media?parent=12965"}],"wp:term":[{"taxonomy":"brand","embeddable":true,"href":"https:\/\/ideapresentation.shop\/pl\/wp-json\/wp\/v2\/etheme_brands?post=12965"},{"taxonomy":"product_brand","embeddable":true,"href":"https:\/\/ideapresentation.shop\/pl\/wp-json\/wp\/v2\/product_brand?post=12965"},{"taxonomy":"product_cat","embeddable":true,"href":"https:\/\/ideapresentation.shop\/pl\/wp-json\/wp\/v2\/product_cat?post=12965"},{"taxonomy":"product_tag","embeddable":true,"href":"https:\/\/ideapresentation.shop\/pl\/wp-json\/wp\/v2\/product_tag?post=12965"}],"curies":[{"name":"wp","href":"https:\/\/api.w.org\/{rel}","templated":true}]}}