{"id":12949,"date":"2026-01-23T18:43:00","date_gmt":"2026-01-23T18:43:00","guid":{"rendered":"https:\/\/ideapresentation.shop\/?post_type=product&#038;p=12949"},"modified":"2026-02-04T20:26:24","modified_gmt":"2026-02-04T20:26:24","slug":"pistachio-knafeh-chocolate-bar-spread-bundle","status":"publish","type":"product","link":"https:\/\/ideapresentation.shop\/pl\/produkt\/pistachio-knafeh-chocolate-bar-spread-bundle\/","title":{"rendered":"Zestaw baton\u00f3w i pasty czekoladowej Pistachio Knafeh"},"content":{"rendered":"<p><img loading=\"lazy\" decoding=\"async\" class=\"alignnone size-full wp-image-12955\" src=\"https:\/\/ideapresentation.shop\/wp-content\/uploads\/2026\/01\/DSC03798-Edit.webp\" alt=\"\" width=\"713\" height=\"713\" srcset=\"https:\/\/ideapresentation.shop\/wp-content\/uploads\/2026\/01\/DSC03798-Edit.webp 713w, https:\/\/ideapresentation.shop\/wp-content\/uploads\/2026\/01\/DSC03798-Edit-300x300.webp 300w, https:\/\/ideapresentation.shop\/wp-content\/uploads\/2026\/01\/DSC03798-Edit-150x150.webp 150w, https:\/\/ideapresentation.shop\/wp-content\/uploads\/2026\/01\/DSC03798-Edit-12x12.webp 12w, https:\/\/ideapresentation.shop\/wp-content\/uploads\/2026\/01\/DSC03798-Edit-600x600.webp 600w, https:\/\/ideapresentation.shop\/wp-content\/uploads\/2026\/01\/DSC03798-Edit-100x100.webp 100w, https:\/\/ideapresentation.shop\/wp-content\/uploads\/2026\/01\/DSC03798-Edit-50x50.webp 50w, https:\/\/ideapresentation.shop\/wp-content\/uploads\/2026\/01\/DSC03798-Edit-1x1.webp 1w, https:\/\/ideapresentation.shop\/wp-content\/uploads\/2026\/01\/DSC03798-Edit-10x10.webp 10w\" sizes=\"auto, (max-width: 713px) 100vw, 713px\" \/> <img loading=\"lazy\" decoding=\"async\" class=\"alignnone size-full wp-image-12956\" src=\"https:\/\/ideapresentation.shop\/wp-content\/uploads\/2026\/01\/DSC03848-Edit-1.webp\" alt=\"\" width=\"713\" height=\"713\" srcset=\"https:\/\/ideapresentation.shop\/wp-content\/uploads\/2026\/01\/DSC03848-Edit-1.webp 713w, https:\/\/ideapresentation.shop\/wp-content\/uploads\/2026\/01\/DSC03848-Edit-1-300x300.webp 300w, https:\/\/ideapresentation.shop\/wp-content\/uploads\/2026\/01\/DSC03848-Edit-1-150x150.webp 150w, https:\/\/ideapresentation.shop\/wp-content\/uploads\/2026\/01\/DSC03848-Edit-1-12x12.webp 12w, https:\/\/ideapresentation.shop\/wp-content\/uploads\/2026\/01\/DSC03848-Edit-1-600x600.webp 600w, https:\/\/ideapresentation.shop\/wp-content\/uploads\/2026\/01\/DSC03848-Edit-1-100x100.webp 100w, https:\/\/ideapresentation.shop\/wp-content\/uploads\/2026\/01\/DSC03848-Edit-1-50x50.webp 50w, https:\/\/ideapresentation.shop\/wp-content\/uploads\/2026\/01\/DSC03848-Edit-1-1x1.webp 1w, https:\/\/ideapresentation.shop\/wp-content\/uploads\/2026\/01\/DSC03848-Edit-1-10x10.webp 10w\" sizes=\"auto, (max-width: 713px) 100vw, 713px\" \/><\/p>\n<h2 data-start=\"274\" data-end=\"328\">Wirusowy przysmak inspirowany Bliskim Wschodem jak \u017caden inny<\/h2>\n<p data-start=\"330\" data-end=\"642\">Zafunduj sobie niezapomniane doznania deserowe z naszym\u00a0<strong data-start=\"382\" data-end=\"440\">Baton czekoladowy Pistachio Knafeh i zestaw chrupi\u0105cej pasty do smarowania<\/strong>, zainspirowany bogatymi, kultowymi smakami Dubaju. Ten luksusowy zestaw \u0142\u0105czy jedwabist\u0105 mleczn\u0105 czekolad\u0119 z chrupi\u0105c\u0105, orzechow\u0105 past\u0105 pistacjow\u0105, zapewniaj\u0105c s\u0142odkie chwile, kt\u00f3re b\u0119dziesz chcia\u0142 prze\u017cy\u0107 jeszcze raz.<\/p>\n<h3 data-start=\"644\" data-end=\"662\">Co jest w \u015brodku:<\/h3>\n<ul data-start=\"663\" data-end=\"1104\">\n<li data-start=\"663\" data-end=\"843\">\n<p data-start=\"665\" data-end=\"843\">\ud83c\udf6b\u00a0<strong data-start=\"668\" data-end=\"707\">Baton z mlecznej czekolady Pistachio Knafeh<\/strong>\u00a0- G\u0142adka mleczna czekolada premium wype\u0142niona kremowym nadzieniem pistacjowym o smaku knafeh. Jest bogaty, rozkoszny i rozp\u0142ywa si\u0119 w ustach.<\/p>\n<\/li>\n<li data-start=\"844\" data-end=\"1104\">\n<p data-start=\"846\" data-end=\"1104\">\ud83d\udfe2\u00a0<strong data-start=\"849\" data-end=\"890\">Chrupi\u0105ca pasta do smarowania Pistachio Knafeh (s\u0142oik)<\/strong>\u00a0- Dekadencki deser do smarowania wykonany z\u00a0<strong data-start=\"929\" data-end=\"966\">pieczone kataifi (rozdrobnione ciasto)<\/strong>\u00a0i sos pistacjowy dla idealnej r\u00f3wnowagi\u00a0<strong data-start=\"1014\" data-end=\"1034\">chrupi\u0105cy i kremowy<\/strong>. U\u017cywaj go do tost\u00f3w, nale\u015bnik\u00f3w, owoc\u00f3w lub delektuj si\u0119 nim prosto ze s\u0142oika.<\/p>\n<\/li>\n<\/ul>\n<p data-start=\"1106\" data-end=\"1318\">Ten pakiet to\u00a0<strong data-start=\"1121\" data-end=\"1139\">przyjazny dla halal<\/strong>\u00a0i stworzony dla mi\u0142o\u015bnik\u00f3w wyj\u0105tkowych, inspirowanych kultur\u0105 smako\u0142yk\u00f3w. Niezale\u017cnie od tego, czy kupujesz go na prezent, czy zatrzymujesz dla siebie (nie obwiniamy Ci\u0119), jest to gwarantowana przyjemno\u015b\u0107 dla t\u0142umu.<\/p>\n<hr data-start=\"1320\" data-end=\"1323\" \/>\n<h3 data-start=\"1325\" data-end=\"1353\">Dlaczego wszyscy maj\u0105 obsesj\u0119:<\/h3>\n<ul data-start=\"1354\" data-end=\"1591\">\n<li data-start=\"1354\" data-end=\"1415\">\n<p data-start=\"1356\" data-end=\"1415\">Zainspirowany wirusowymi smakami pistacji knafeh z Dubaju<\/p>\n<\/li>\n<li data-start=\"1416\" data-end=\"1470\">\n<p data-start=\"1418\" data-end=\"1470\">Chrupi\u0105ce i kremowe tekstury w jednym pysznym po\u0142\u0105czeniu<\/p>\n<\/li>\n<li data-start=\"1471\" data-end=\"1503\">\n<p data-start=\"1473\" data-end=\"1503\">Sk\u0142adniki przyjazne dla halal<\/p>\n<\/li>\n<li data-start=\"1504\" data-end=\"1539\">\n<p data-start=\"1506\" data-end=\"1539\">Estetyczne opakowanie nadaj\u0105ce si\u0119 na prezent<\/p>\n<\/li>\n<li data-start=\"1540\" data-end=\"1591\">\n<p data-start=\"1542\" data-end=\"1591\">Wyr\u00f3\u017cnione w foodie TikToks, reels &amp; unboxings<\/p>\n<\/li>\n<\/ul>","protected":false},"excerpt":{"rendered":"<p>A Viral Middle Eastern-Inspired Treat Like No Other Indulge in the ultimate dessert experience with our\u00a0Pistachio Knafeh Chocolate Bar &amp;&#8230;<\/p>","protected":false},"featured_media":12955,"comment_status":"open","ping_status":"closed","template":"","meta":{"_acf_changed":false},"etheme_brands":[],"product_brand":[],"product_cat":[118],"product_tag":[],"class_list":{"0":"post-12949","1":"product","2":"type-product","3":"status-publish","4":"has-post-thumbnail","6":"product_cat-sale-shop","8":"first","9":"instock","10":"sale","11":"shipping-taxable","12":"purchasable","13":"product-type-simple"},"acf":[],"_links":{"self":[{"href":"https:\/\/ideapresentation.shop\/pl\/wp-json\/wp\/v2\/product\/12949","targetHints":{"allow":["GET"]}}],"collection":[{"href":"https:\/\/ideapresentation.shop\/pl\/wp-json\/wp\/v2\/product"}],"about":[{"href":"https:\/\/ideapresentation.shop\/pl\/wp-json\/wp\/v2\/types\/product"}],"replies":[{"embeddable":true,"href":"https:\/\/ideapresentation.shop\/pl\/wp-json\/wp\/v2\/comments?post=12949"}],"version-history":[{"count":1,"href":"https:\/\/ideapresentation.shop\/pl\/wp-json\/wp\/v2\/product\/12949\/revisions"}],"predecessor-version":[{"id":12960,"href":"https:\/\/ideapresentation.shop\/pl\/wp-json\/wp\/v2\/product\/12949\/revisions\/12960"}],"wp:featuredmedia":[{"embeddable":true,"href":"https:\/\/ideapresentation.shop\/pl\/wp-json\/wp\/v2\/media\/12955"}],"wp:attachment":[{"href":"https:\/\/ideapresentation.shop\/pl\/wp-json\/wp\/v2\/media?parent=12949"}],"wp:term":[{"taxonomy":"brand","embeddable":true,"href":"https:\/\/ideapresentation.shop\/pl\/wp-json\/wp\/v2\/etheme_brands?post=12949"},{"taxonomy":"product_brand","embeddable":true,"href":"https:\/\/ideapresentation.shop\/pl\/wp-json\/wp\/v2\/product_brand?post=12949"},{"taxonomy":"product_cat","embeddable":true,"href":"https:\/\/ideapresentation.shop\/pl\/wp-json\/wp\/v2\/product_cat?post=12949"},{"taxonomy":"product_tag","embeddable":true,"href":"https:\/\/ideapresentation.shop\/pl\/wp-json\/wp\/v2\/product_tag?post=12949"}],"curies":[{"name":"wp","href":"https:\/\/api.w.org\/{rel}","templated":true}]}}