{"id":12892,"date":"2026-01-23T18:28:54","date_gmt":"2026-01-23T18:28:54","guid":{"rendered":"https:\/\/ideapresentation.shop\/?post_type=product&#038;p=12892"},"modified":"2026-02-04T20:26:25","modified_gmt":"2026-02-04T20:26:25","slug":"dubai-350g-milk-chocolate-pistachio-and-kunafa-snack-bar-bonbon-crispy-shell-dessert-creamy","status":"publish","type":"product","link":"https:\/\/ideapresentation.shop\/pl\/produkt\/dubai-350g-milk-chocolate-pistachio-and-kunafa-snack-bar-bonbon-crispy-shell-dessert-creamy\/","title":{"rendered":"Dubai 350g Milk Chocolate Pistachio and Kunafa Snack Bar - - Bonbon, Crispy, Shell, Dessert Creamy"},"content":{"rendered":"<p><img loading=\"lazy\" decoding=\"async\" class=\"alignnone size-full wp-image-12895\" src=\"https:\/\/ideapresentation.shop\/wp-content\/uploads\/2026\/01\/6-IMG_3618_jpg.jpg\" alt=\"\" width=\"1536\" height=\"2048\" srcset=\"https:\/\/ideapresentation.shop\/wp-content\/uploads\/2026\/01\/6-IMG_3618_jpg.jpg 1536w, https:\/\/ideapresentation.shop\/wp-content\/uploads\/2026\/01\/6-IMG_3618_jpg-225x300.jpg 225w, https:\/\/ideapresentation.shop\/wp-content\/uploads\/2026\/01\/6-IMG_3618_jpg-768x1024.jpg 768w, https:\/\/ideapresentation.shop\/wp-content\/uploads\/2026\/01\/6-IMG_3618_jpg-1152x1536.jpg 1152w, https:\/\/ideapresentation.shop\/wp-content\/uploads\/2026\/01\/6-IMG_3618_jpg-9x12.jpg 9w, https:\/\/ideapresentation.shop\/wp-content\/uploads\/2026\/01\/6-IMG_3618_jpg-600x800.jpg 600w, https:\/\/ideapresentation.shop\/wp-content\/uploads\/2026\/01\/6-IMG_3618_jpg-1x1.jpg 1w, https:\/\/ideapresentation.shop\/wp-content\/uploads\/2026\/01\/6-IMG_3618_jpg-8x10.jpg 8w\" sizes=\"auto, (max-width: 1536px) 100vw, 1536px\" \/><\/p>\n<p><img loading=\"lazy\" decoding=\"async\" class=\"alignnone size-full wp-image-12896\" src=\"https:\/\/ideapresentation.shop\/wp-content\/uploads\/2026\/01\/56e2cfb393024fb2a70397fbc677b0fctplv-t5fjg24jzw-resize-jpeg_800_800.jpg\" alt=\"\" width=\"800\" height=\"800\" srcset=\"https:\/\/ideapresentation.shop\/wp-content\/uploads\/2026\/01\/56e2cfb393024fb2a70397fbc677b0fctplv-t5fjg24jzw-resize-jpeg_800_800.jpg 800w, https:\/\/ideapresentation.shop\/wp-content\/uploads\/2026\/01\/56e2cfb393024fb2a70397fbc677b0fctplv-t5fjg24jzw-resize-jpeg_800_800-300x300.jpg 300w, https:\/\/ideapresentation.shop\/wp-content\/uploads\/2026\/01\/56e2cfb393024fb2a70397fbc677b0fctplv-t5fjg24jzw-resize-jpeg_800_800-150x150.jpg 150w, https:\/\/ideapresentation.shop\/wp-content\/uploads\/2026\/01\/56e2cfb393024fb2a70397fbc677b0fctplv-t5fjg24jzw-resize-jpeg_800_800-768x768.jpg 768w, https:\/\/ideapresentation.shop\/wp-content\/uploads\/2026\/01\/56e2cfb393024fb2a70397fbc677b0fctplv-t5fjg24jzw-resize-jpeg_800_800-12x12.jpg 12w, https:\/\/ideapresentation.shop\/wp-content\/uploads\/2026\/01\/56e2cfb393024fb2a70397fbc677b0fctplv-t5fjg24jzw-resize-jpeg_800_800-600x600.jpg 600w, https:\/\/ideapresentation.shop\/wp-content\/uploads\/2026\/01\/56e2cfb393024fb2a70397fbc677b0fctplv-t5fjg24jzw-resize-jpeg_800_800-100x100.jpg 100w, https:\/\/ideapresentation.shop\/wp-content\/uploads\/2026\/01\/56e2cfb393024fb2a70397fbc677b0fctplv-t5fjg24jzw-resize-jpeg_800_800-50x50.jpg 50w, https:\/\/ideapresentation.shop\/wp-content\/uploads\/2026\/01\/56e2cfb393024fb2a70397fbc677b0fctplv-t5fjg24jzw-resize-jpeg_800_800-1x1.jpg 1w, https:\/\/ideapresentation.shop\/wp-content\/uploads\/2026\/01\/56e2cfb393024fb2a70397fbc677b0fctplv-t5fjg24jzw-resize-jpeg_800_800-10x10.jpg 10w\" sizes=\"auto, (max-width: 800px) 100vw, 800px\" \/><\/p>\n<p>&nbsp;<\/p>\n<p>&nbsp;<\/p>\n<p><img loading=\"lazy\" decoding=\"async\" class=\"alignnone size-full wp-image-12899\" src=\"https:\/\/ideapresentation.shop\/wp-content\/uploads\/2026\/01\/2-IMG_3642_jpg.jpg\" alt=\"\" width=\"1536\" height=\"2048\" srcset=\"https:\/\/ideapresentation.shop\/wp-content\/uploads\/2026\/01\/2-IMG_3642_jpg.jpg 1536w, https:\/\/ideapresentation.shop\/wp-content\/uploads\/2026\/01\/2-IMG_3642_jpg-225x300.jpg 225w, https:\/\/ideapresentation.shop\/wp-content\/uploads\/2026\/01\/2-IMG_3642_jpg-768x1024.jpg 768w, https:\/\/ideapresentation.shop\/wp-content\/uploads\/2026\/01\/2-IMG_3642_jpg-1152x1536.jpg 1152w, https:\/\/ideapresentation.shop\/wp-content\/uploads\/2026\/01\/2-IMG_3642_jpg-9x12.jpg 9w, https:\/\/ideapresentation.shop\/wp-content\/uploads\/2026\/01\/2-IMG_3642_jpg-600x800.jpg 600w, https:\/\/ideapresentation.shop\/wp-content\/uploads\/2026\/01\/2-IMG_3642_jpg-1x1.jpg 1w, https:\/\/ideapresentation.shop\/wp-content\/uploads\/2026\/01\/2-IMG_3642_jpg-8x10.jpg 8w\" sizes=\"auto, (max-width: 1536px) 100vw, 1536px\" \/><\/p>\n<p><img loading=\"lazy\" decoding=\"async\" class=\"alignnone size-full wp-image-12900\" src=\"https:\/\/ideapresentation.shop\/wp-content\/uploads\/2026\/01\/3-IMG_3637_jpg.jpg\" alt=\"\" width=\"1536\" height=\"2048\" srcset=\"https:\/\/ideapresentation.shop\/wp-content\/uploads\/2026\/01\/3-IMG_3637_jpg.jpg 1536w, https:\/\/ideapresentation.shop\/wp-content\/uploads\/2026\/01\/3-IMG_3637_jpg-225x300.jpg 225w, https:\/\/ideapresentation.shop\/wp-content\/uploads\/2026\/01\/3-IMG_3637_jpg-768x1024.jpg 768w, https:\/\/ideapresentation.shop\/wp-content\/uploads\/2026\/01\/3-IMG_3637_jpg-1152x1536.jpg 1152w, https:\/\/ideapresentation.shop\/wp-content\/uploads\/2026\/01\/3-IMG_3637_jpg-9x12.jpg 9w, https:\/\/ideapresentation.shop\/wp-content\/uploads\/2026\/01\/3-IMG_3637_jpg-600x800.jpg 600w, https:\/\/ideapresentation.shop\/wp-content\/uploads\/2026\/01\/3-IMG_3637_jpg-1x1.jpg 1w, https:\/\/ideapresentation.shop\/wp-content\/uploads\/2026\/01\/3-IMG_3637_jpg-8x10.jpg 8w\" sizes=\"auto, (max-width: 1536px) 100vw, 1536px\" \/><\/p>\n<p><img loading=\"lazy\" decoding=\"async\" class=\"alignnone size-full wp-image-12901\" src=\"https:\/\/ideapresentation.shop\/wp-content\/uploads\/2026\/01\/4-IMG_3635_jpg.jpg\" alt=\"\" width=\"1667\" height=\"2021\" srcset=\"https:\/\/ideapresentation.shop\/wp-content\/uploads\/2026\/01\/4-IMG_3635_jpg.jpg 1667w, https:\/\/ideapresentation.shop\/wp-content\/uploads\/2026\/01\/4-IMG_3635_jpg-247x300.jpg 247w, https:\/\/ideapresentation.shop\/wp-content\/uploads\/2026\/01\/4-IMG_3635_jpg-845x1024.jpg 845w, https:\/\/ideapresentation.shop\/wp-content\/uploads\/2026\/01\/4-IMG_3635_jpg-768x931.jpg 768w, https:\/\/ideapresentation.shop\/wp-content\/uploads\/2026\/01\/4-IMG_3635_jpg-1267x1536.jpg 1267w, https:\/\/ideapresentation.shop\/wp-content\/uploads\/2026\/01\/4-IMG_3635_jpg-10x12.jpg 10w, https:\/\/ideapresentation.shop\/wp-content\/uploads\/2026\/01\/4-IMG_3635_jpg-600x727.jpg 600w, https:\/\/ideapresentation.shop\/wp-content\/uploads\/2026\/01\/4-IMG_3635_jpg-1x1.jpg 1w, https:\/\/ideapresentation.shop\/wp-content\/uploads\/2026\/01\/4-IMG_3635_jpg-8x10.jpg 8w\" sizes=\"auto, (max-width: 1667px) 100vw, 1667px\" \/><\/p>\n<p><img loading=\"lazy\" decoding=\"async\" class=\"alignnone size-full wp-image-12902\" src=\"https:\/\/ideapresentation.shop\/wp-content\/uploads\/2026\/01\/5-IMG_3630_jpg.jpg\" alt=\"\" width=\"1535\" height=\"2048\" srcset=\"https:\/\/ideapresentation.shop\/wp-content\/uploads\/2026\/01\/5-IMG_3630_jpg.jpg 1535w, https:\/\/ideapresentation.shop\/wp-content\/uploads\/2026\/01\/5-IMG_3630_jpg-225x300.jpg 225w, https:\/\/ideapresentation.shop\/wp-content\/uploads\/2026\/01\/5-IMG_3630_jpg-768x1025.jpg 768w, https:\/\/ideapresentation.shop\/wp-content\/uploads\/2026\/01\/5-IMG_3630_jpg-1151x1536.jpg 1151w, https:\/\/ideapresentation.shop\/wp-content\/uploads\/2026\/01\/5-IMG_3630_jpg-9x12.jpg 9w, https:\/\/ideapresentation.shop\/wp-content\/uploads\/2026\/01\/5-IMG_3630_jpg-600x801.jpg 600w, https:\/\/ideapresentation.shop\/wp-content\/uploads\/2026\/01\/5-IMG_3630_jpg-1x1.jpg 1w, https:\/\/ideapresentation.shop\/wp-content\/uploads\/2026\/01\/5-IMG_3630_jpg-7x10.jpg 7w\" sizes=\"auto, (max-width: 1535px) 100vw, 1535px\" \/><\/p>\n<p data-start=\"236\" data-end=\"498\">Nasz\u00a0<strong data-start=\"240\" data-end=\"254\">bestseller<\/strong>\u00a0i prawdziwy ulubieniec klient\u00f3w. The\u00a0<strong data-start=\"290\" data-end=\"327\">Baton czekoladowy Pistachio &amp; Kunafah<\/strong>\u00a0jest inspirowany s\u0142ynnym\u00a0<strong data-start=\"354\" data-end=\"379\">Czekolada w stylu Dubaju<\/strong>, \u0141\u0105czy bogaty, orzechowy smak pistacji z warstwami chrupi\u0105cej kunafah, a wszystko to otulone g\u0142adk\u0105 belgijsk\u0105 mleczn\u0105 czekolad\u0105.<\/p>\n<p data-start=\"500\" data-end=\"642\">Luksusowy, pob\u0142a\u017cliwy i doskonale wywa\u017cony, ten baton jest tym, po kt\u00f3ry wszyscy wracaj\u0105 - a kiedy go spr\u00f3bujesz, zrozumiesz dlaczego.<\/p>\n<hr data-start=\"644\" data-end=\"647\" \/>\n<p data-start=\"649\" data-end=\"754\">Idealny do podarowania sobie, prezentu lub dzielenia si\u0119, ten baton zapewnia bogaty, satysfakcjonuj\u0105cy k\u0119s za ka\u017cdym razem.<\/p>\n<p data-start=\"756\" data-end=\"779\"><strong data-start=\"756\" data-end=\"779\">Dlaczego to pokochasz:<\/strong><\/p>\n<ul data-start=\"780\" data-end=\"917\">\n<li data-start=\"780\" data-end=\"834\">\n<p data-start=\"782\" data-end=\"834\">Wykonane z najwy\u017cszej jako\u015bci belgijskiej czekolady mlecznej Callebaut<\/p>\n<\/li>\n<li data-start=\"835\" data-end=\"857\">\n<p data-start=\"837\" data-end=\"857\">R\u0119cznie wykonane z dba\u0142o\u015bci\u0105<\/p>\n<\/li>\n<li data-start=\"858\" data-end=\"888\">\n<p data-start=\"860\" data-end=\"888\">Hojny\u00a0<strong data-start=\"869\" data-end=\"882\">350g-450g<\/strong>\u00a0pasek<\/p>\n<\/li>\n<li data-start=\"889\" data-end=\"917\">\n<p data-start=\"891\" data-end=\"917\">Odpowiedni dla wegetarian<\/p>\n<\/li>\n<\/ul>\n<p data-start=\"919\" data-end=\"1183\"><strong data-start=\"919\" data-end=\"939\">Wskaz\u00f3wki dotycz\u0105ce alergen\u00f3w:<\/strong><br data-start=\"939\" data-end=\"942\" \/>Wszystkie nasze produkty s\u0105 wytwarzane w kuchni, w kt\u00f3rej przetwarzane s\u0105 zbo\u017ca zawieraj\u0105ce gluten (pszenica, owies, j\u0119czmie\u0144, \u017cyto), soja, mleko, jaja, sezam, orzechy z drzew orzechowych, orzeszki ziemne i dwutlenek siarki. Produkt ten mo\u017ce zatem zawiera\u0107 \u015bladowe ilo\u015bci powy\u017cszych alergen\u00f3w.<\/p>\n<p data-start=\"1185\" data-end=\"1397\"><strong data-start=\"1185\" data-end=\"1197\">Przechowywanie:<\/strong><br data-start=\"1197\" data-end=\"1200\" \/>Przechowywa\u0107 w ch\u0142odnym, suchym miejscu z dala od bezpo\u015bredniego \u015bwiat\u0142a s\u0142onecznego.<br data-start=\"1253\" data-end=\"1256\" \/>Aby uzyska\u0107 lepki, roztopiony \u015brodek, po prostu podgrzej w kuchence mikrofalowej w 5-sekundowych seriach i ciesz si\u0119 ciep\u0142\u0105 mas\u0105.<br data-start=\"1334\" data-end=\"1337\" \/>Batonem mo\u017cna delektowa\u0107 si\u0119 w postaci sta\u0142ej lub lepkiej - w zale\u017cno\u015bci od upodoba\u0144.<\/p>","protected":false},"excerpt":{"rendered":"<p>&nbsp; &nbsp; Our\u00a0bestseller\u00a0and a true customer favourite. The\u00a0Pistachio &amp; Kunafah Chocolate Bar\u00a0is inspired by the famous\u00a0Dubai-style chocolate, combining rich, nutty&#8230;<\/p>","protected":false},"featured_media":12899,"comment_status":"open","ping_status":"closed","template":"","meta":{"_acf_changed":false},"etheme_brands":[],"product_brand":[],"product_cat":[118],"product_tag":[],"class_list":{"0":"post-12892","1":"product","2":"type-product","3":"status-publish","4":"has-post-thumbnail","6":"product_cat-sale-shop","8":"first","9":"instock","10":"sale","11":"shipping-taxable","12":"purchasable","13":"product-type-simple"},"acf":[],"_links":{"self":[{"href":"https:\/\/ideapresentation.shop\/pl\/wp-json\/wp\/v2\/product\/12892","targetHints":{"allow":["GET"]}}],"collection":[{"href":"https:\/\/ideapresentation.shop\/pl\/wp-json\/wp\/v2\/product"}],"about":[{"href":"https:\/\/ideapresentation.shop\/pl\/wp-json\/wp\/v2\/types\/product"}],"replies":[{"embeddable":true,"href":"https:\/\/ideapresentation.shop\/pl\/wp-json\/wp\/v2\/comments?post=12892"}],"version-history":[{"count":1,"href":"https:\/\/ideapresentation.shop\/pl\/wp-json\/wp\/v2\/product\/12892\/revisions"}],"predecessor-version":[{"id":12913,"href":"https:\/\/ideapresentation.shop\/pl\/wp-json\/wp\/v2\/product\/12892\/revisions\/12913"}],"wp:featuredmedia":[{"embeddable":true,"href":"https:\/\/ideapresentation.shop\/pl\/wp-json\/wp\/v2\/media\/12899"}],"wp:attachment":[{"href":"https:\/\/ideapresentation.shop\/pl\/wp-json\/wp\/v2\/media?parent=12892"}],"wp:term":[{"taxonomy":"brand","embeddable":true,"href":"https:\/\/ideapresentation.shop\/pl\/wp-json\/wp\/v2\/etheme_brands?post=12892"},{"taxonomy":"product_brand","embeddable":true,"href":"https:\/\/ideapresentation.shop\/pl\/wp-json\/wp\/v2\/product_brand?post=12892"},{"taxonomy":"product_cat","embeddable":true,"href":"https:\/\/ideapresentation.shop\/pl\/wp-json\/wp\/v2\/product_cat?post=12892"},{"taxonomy":"product_tag","embeddable":true,"href":"https:\/\/ideapresentation.shop\/pl\/wp-json\/wp\/v2\/product_tag?post=12892"}],"curies":[{"name":"wp","href":"https:\/\/api.w.org\/{rel}","templated":true}]}}