{"id":12707,"date":"2026-01-23T16:21:46","date_gmt":"2026-01-23T16:21:46","guid":{"rendered":"https:\/\/ideapresentation.shop\/?post_type=product&#038;p=12707"},"modified":"2026-02-04T20:26:26","modified_gmt":"2026-02-04T20:26:26","slug":"pritom-10-1-android-15-tablet-with-keyboard-mouse-stylus-case-kickstand-64gb-6000mah-battery","status":"publish","type":"product","link":"https:\/\/ideapresentation.shop\/pl\/produkt\/pritom-10-1-android-15-tablet-with-keyboard-mouse-stylus-case-kickstand-64gb-6000mah-battery\/","title":{"rendered":"Tablet PRITOM 10.1\u2033 Android 15 z klawiatur\u0105, mysz\u0105, rysikiem, etui i podp\u00f3rk\u0105 - 64 GB, bateria 6000 mAh"},"content":{"rendered":"<p><strong>Kompatybilno\u015b\u0107 z 5G WiFi<\/strong><\/p>\n<p>P\u0142ynnie \u0142\u0105cz si\u0119 z szybkim Wi-Fi 5G, zapewniaj\u0105c szybki i niezawodny dost\u0119p do Internetu do przegl\u0105dania, przesy\u0142ania strumieniowego i nie tylko.<\/p>\n<p><strong>Czterordzeniowy procesor<\/strong><\/p>\n<p>Zasilany przez solidny czterordzeniowy procesor, tablet ten zapewnia p\u0142ynn\u0105 wielozadaniowo\u015b\u0107 i szybkie uruchamianie aplikacji, zapewniaj\u0105c wydajne wra\u017cenia u\u017cytkownika.<\/p>\n<p><strong>System operacyjny Android 15<\/strong><\/p>\n<p>Dzia\u0142aj\u0105c na najnowszym systemie operacyjnym Android 15, tablet ten zapewnia dost\u0119p do szerokiego ekosystemu aplikacji i us\u0142ug, zapewniaj\u0105c \u0142\u0105czno\u015b\u0107 i rozrywk\u0119.<\/p>\n<p><strong>Podw\u00f3jny system kamer<\/strong><\/p>\n<p>Wyposa\u017cony w przedni\u0105 kamer\u0119 2 MP i tyln\u0105 kamer\u0119 8 MP, tablet ten rejestruje wyra\u017ane zdj\u0119cia i filmy, dzi\u0119ki czemu idealnie nadaje si\u0119 do dzielenia si\u0119 chwilami w podr\u00f3\u017cy.<\/p>\n<p><strong>12 GB pami\u0119ci RAM + 64 GB pami\u0119ci masowej<\/strong><\/p>\n<p>Dzi\u0119ki 12 GB pami\u0119ci RAM i 64 GB pami\u0119ci masowej, tablet ten oferuje wystarczaj\u0105c\u0105 ilo\u015b\u0107 miejsca na aplikacje, gry i multimedia, a rozszerzalna pami\u0119\u0107 pozwala na przechowywanie wi\u0119kszej ilo\u015bci tre\u015bci.<\/p>\n<p><img decoding=\"async\" src=\"https:\/\/ae01.alicdn.com\/kf\/S60767a57c2df4cd9a0d64489b344ba33r.jpg\" \/><img decoding=\"async\" src=\"https:\/\/ae01.alicdn.com\/kf\/Sd1a224e4f7724e448f40b679b95cefd5o.jpg\" \/><img decoding=\"async\" src=\"https:\/\/ae01.alicdn.com\/kf\/Sab55e54da7be41658cd6abd2ff01e888L.jpg\" \/><img decoding=\"async\" src=\"https:\/\/ae01.alicdn.com\/kf\/Se50fb287666f481e87b09763dfe6c246j.jpg\" \/><\/p>\n<p><img decoding=\"async\" src=\"https:\/\/ae01.alicdn.com\/kf\/Sb419a93f0481467082ba36478d16aba1O.jpg\" \/><img decoding=\"async\" src=\"https:\/\/ae01.alicdn.com\/kf\/Scf18e7173af6435f9732bc3b1e76f5c8p.jpg\" \/><\/p>","protected":false},"excerpt":{"rendered":"<p>5G WiFi Compatibility Connect seamlessly with high-speed 5G WiFi, ensuring fast and reliable internet access for browsing, streaming, and more&#8230;.<\/p>","protected":false},"featured_media":12756,"comment_status":"open","ping_status":"closed","template":"","meta":{"_acf_changed":false},"etheme_brands":[],"product_brand":[],"product_cat":[118],"product_tag":[],"class_list":{"0":"post-12707","1":"product","2":"type-product","3":"status-publish","4":"has-post-thumbnail","6":"product_cat-sale-shop","8":"first","9":"instock","10":"sale","11":"shipping-taxable","12":"purchasable","13":"product-type-simple"},"acf":[],"_links":{"self":[{"href":"https:\/\/ideapresentation.shop\/pl\/wp-json\/wp\/v2\/product\/12707","targetHints":{"allow":["GET"]}}],"collection":[{"href":"https:\/\/ideapresentation.shop\/pl\/wp-json\/wp\/v2\/product"}],"about":[{"href":"https:\/\/ideapresentation.shop\/pl\/wp-json\/wp\/v2\/types\/product"}],"replies":[{"embeddable":true,"href":"https:\/\/ideapresentation.shop\/pl\/wp-json\/wp\/v2\/comments?post=12707"}],"version-history":[{"count":1,"href":"https:\/\/ideapresentation.shop\/pl\/wp-json\/wp\/v2\/product\/12707\/revisions"}],"predecessor-version":[{"id":12744,"href":"https:\/\/ideapresentation.shop\/pl\/wp-json\/wp\/v2\/product\/12707\/revisions\/12744"}],"wp:featuredmedia":[{"embeddable":true,"href":"https:\/\/ideapresentation.shop\/pl\/wp-json\/wp\/v2\/media\/12756"}],"wp:attachment":[{"href":"https:\/\/ideapresentation.shop\/pl\/wp-json\/wp\/v2\/media?parent=12707"}],"wp:term":[{"taxonomy":"brand","embeddable":true,"href":"https:\/\/ideapresentation.shop\/pl\/wp-json\/wp\/v2\/etheme_brands?post=12707"},{"taxonomy":"product_brand","embeddable":true,"href":"https:\/\/ideapresentation.shop\/pl\/wp-json\/wp\/v2\/product_brand?post=12707"},{"taxonomy":"product_cat","embeddable":true,"href":"https:\/\/ideapresentation.shop\/pl\/wp-json\/wp\/v2\/product_cat?post=12707"},{"taxonomy":"product_tag","embeddable":true,"href":"https:\/\/ideapresentation.shop\/pl\/wp-json\/wp\/v2\/product_tag?post=12707"}],"curies":[{"name":"wp","href":"https:\/\/api.w.org\/{rel}","templated":true}]}}