{"id":12314,"date":"2026-01-22T17:11:23","date_gmt":"2026-01-22T17:11:23","guid":{"rendered":"https:\/\/ideapresentation.shop\/?page_id=12314"},"modified":"2026-01-23T12:48:35","modified_gmt":"2026-01-23T12:48:35","slug":"returns-policy","status":"publish","type":"page","link":"https:\/\/ideapresentation.shop\/pl\/returns-policy\/","title":{"rendered":"Polityka zwrot\u00f3w"},"content":{"rendered":"<div data-elementor-type=\"wp-page\" data-elementor-id=\"12314\" class=\"elementor elementor-12314\" data-elementor-post-type=\"page\">\n\t\t\t\t<div class=\"elementor-element elementor-element-7b341ae e-flex e-con-boxed e-con e-parent\" data-id=\"7b341ae\" data-element_type=\"container\" data-settings=\"{&quot;ekit_has_onepagescroll_dot&quot;:&quot;yes&quot;}\">\n\t\t\t\t\t<div class=\"e-con-inner\">\n\t\t\t\t<div class=\"elementor-element elementor-element-d7acbb4 elementor-widget elementor-widget-html\" data-id=\"d7acbb4\" data-element_type=\"widget\" data-settings=\"{&quot;ekit_we_effect_on&quot;:&quot;none&quot;}\" data-widget_type=\"html.default\">\n\t\t\t\t<div class=\"elementor-widget-container\">\n\t\t\t\t\t<section style=\"  max-width: 1100px;  margin: 60px auto;  padding: 60px 40px;  background: #FFF7F3;  border-radius: 16px;  font-family: -apple-system, BlinkMacSystemFont, 'Segoe UI', Roboto, Arial, sans-serif;  color: #333;  line-height: 1.75;\">\r\n\r\n  <!-- \u6807\u9898 -->\r\n  <h1 style=\"    font-size: 40px;    font-weight: 800;    color: #E95D2A;    margin-bottom: 30px;  \">\r\n    30-dniowa polityka zwrot\u00f3w i wymiany\r\n  <\/h1>\r\n\r\n  <!-- 1 -->\r\n  <h2 style=\"color:#E95D2A;\">1. Zakres zastosowania<\/h2>\r\n  <div style=\"background:#fff;padding:28px;border-radius:14px;box-shadow:0 8px 24px rgba(233,93,42,.12);margin-bottom:40px;\">\r\n    <p>\r\n      Niniejsza polityka ma zastosowanie do <strong>wszystkie produkty<\/strong> zakupione na tej stronie.\r\n    <\/p>\r\n  <\/div>\r\n\r\n  <!-- 2 -->\r\n  <h2 style=\"color:#E95D2A;\">2. Okres zwrotu i wymiany<\/h2>\r\n  <div style=\"background:#fff;padding:28px;border-radius:14px;box-shadow:0 8px 24px rgba(233,93,42,.12);margin-bottom:40px;\">\r\n    <ul>\r\n      <li><strong>Zwroty bez podania przyczyny:<\/strong> W ci\u0105gu 30 dni od daty otrzymania.<\/li>\r\n      <li><strong>Kwestie jako\u015bci:<\/strong> Bez ogranicze\u0144 czasowych od daty otrzymania.<\/li>\r\n    <\/ul>\r\n  <\/div>\r\n\r\n  <!-- 3 -->\r\n  <h2 style=\"color:#E95D2A;\">3. Warunki zwrotu i wymiany<\/h2>\r\n  <div style=\"background:#fff;padding:28px;border-radius:14px;box-shadow:0 8px 24px rgba(233,93,42,.12);margin-bottom:40px;\">\r\n    <ul>\r\n      <li>Produkt musi by\u0107 nieu\u017cywany, nieuszkodzony i bezwonny.<\/li>\r\n      <li>Oryginalne opakowanie musi by\u0107 nienaruszone, w tym wszystkie akcesoria i prezenty.<\/li>\r\n      <li>Nieotwarte produkty s\u0105 traktowane priorytetowo w przypadku zwrotu lub wymiany.<\/li>\r\n    <\/ul>\r\n  <\/div>\r\n\r\n  <!-- 4 -->\r\n  <h2 style=\"color:#E95D2A;\">4. Polityka wysy\u0142kowa<\/h2>\r\n  <div style=\"background:#fff;padding:28px;border-radius:14px;box-shadow:0 8px 24px rgba(233,93,42,.12);margin-bottom:40px;\">\r\n    <ul>\r\n      <li>\r\n        <strong>Zwroty bez podania przyczyny:<\/strong> Pokrywamy koszty wysy\u0142ki zwrotnej i zwracamy koszty\r\n        wysy\u0142ki produkt\u00f3w zast\u0119pczych.\r\n      <\/li>\r\n      <li>\r\n        <strong>Kwestie jako\u015bci:<\/strong> Wszystkie zwi\u0105zane z tym koszty s\u0105 pokrywane przez nas, w tym koszty wysy\u0142ki zast\u0119pczej.\r\n      <\/li>\r\n    <\/ul>\r\n  <\/div>\r\n\r\n  <!-- 5 -->\r\n  <h2 style=\"color:#E95D2A;\">5. Procedura zwrotu i wymiany<\/h2>\r\n  <div style=\"background:#fff;padding:28px;border-radius:14px;box-shadow:0 8px 24px rgba(233,93,42,.12);margin-bottom:40px;\">\r\n    <ol>\r\n      <li>Skontaktuj si\u0119 z dzia\u0142em obs\u0142ugi klienta, aby z\u0142o\u017cy\u0107 wniosek (wymagany numer zam\u00f3wienia, zdj\u0119cia lub dow\u00f3d wideo).<\/li>\r\n      <li>Otrzyma\u0107 adres zwrotny i instrukcje logistyczne.<\/li>\r\n      <li>Wy\u015blij produkt z powrotem i zachowaj numer \u015bledzenia.<\/li>\r\n      <li>\r\n        Po sprawdzeniu i zatwierdzeniu, zwrot pieni\u0119dzy lub wymiana zostan\u0105 przetworzone\r\n        w ci\u0105gu <strong>1-3 dni robocze<\/strong>.\r\n      <\/li>\r\n    <\/ol>\r\n  <\/div>\r\n\r\n  <!-- 6 -->\r\n  <h2 style=\"color:#E95D2A;\">6. Metoda zwrotu koszt\u00f3w<\/h2>\r\n  <div style=\"background:#fff;padding:28px;border-radius:14px;box-shadow:0 8px 24px rgba(233,93,42,.12);margin-bottom:40px;\">\r\n    <p>\r\n      Zwroty b\u0119d\u0105 dokonywane na rzecz <strong>oryginalna metoda p\u0142atno\u015bci<\/strong>.\r\n      Je\u015bli metoda p\u0142atno\u015bci nie obs\u0142uguje zwrot\u00f3w, dokonane zostan\u0105 alternatywne ustalenia.\r\n    <\/p>\r\n  <\/div>\r\n\r\n  <!-- 7 -->\r\n  <h2 style=\"color:#E95D2A;\">7. Przedmioty niepodlegaj\u0105ce zwrotowi<\/h2>\r\n  <div style=\"background:#fff;padding:28px;border-radius:14px;box-shadow:0 8px 24px rgba(233,93,42,.12);margin-bottom:40px;\">\r\n    <ul>\r\n      <li>Wnioski z\u0142o\u017cone po up\u0142ywie ponad 30 dni (zwroty bez podania przyczyny).<\/li>\r\n      <li>Produkty, kt\u00f3re by\u0142y u\u017cywane lub uszkodzone.<\/li>\r\n      <li>Brak oryginalnego opakowania lub akcesori\u00f3w.<\/li>\r\n      <li>Specjalnie oznaczone przedmioty nie podlegaj\u0105 zwrotowi.<\/li>\r\n    <\/ul>\r\n  <\/div>\r\n\r\n  <!-- \u5e95\u90e8\u5f3a\u8c03 -->\r\n  <div style=\"    margin-top:50px;    padding:26px;    background:#FFE2D7;    border-radius:12px;    text-align:center;  \">\r\n    <p style=\"margin:0;font-weight:600;color:#E95D2A;font-size:18px;\">\r\n      Naszym celem jest, aby zwroty by\u0142y proste, przejrzyste i bezproblemowe.\r\n    <\/p>\r\n  <\/div>\r\n\r\n<\/section>\r\n\t\t\t\t<\/div>\n\t\t\t\t<\/div>\n\t\t\t\t\t<\/div>\n\t\t\t\t<\/div>\n\t\t\t\t<\/div>","protected":false},"excerpt":{"rendered":"<p>30-Day Return and Exchange Policy 1. Scope of Application This policy applies to all products purchased on this website. 2&#8230;.<\/p>","protected":false},"author":1,"featured_media":0,"parent":0,"menu_order":0,"comment_status":"closed","ping_status":"closed","template":"","meta":{"_acf_changed":false,"footnotes":""},"class_list":["post-12314","page","type-page","status-publish","hentry"],"acf":[],"_hostinger_reach_plugin_has_subscription_block":false,"_hostinger_reach_plugin_is_elementor":false,"_links":{"self":[{"href":"https:\/\/ideapresentation.shop\/pl\/wp-json\/wp\/v2\/pages\/12314","targetHints":{"allow":["GET"]}}],"collection":[{"href":"https:\/\/ideapresentation.shop\/pl\/wp-json\/wp\/v2\/pages"}],"about":[{"href":"https:\/\/ideapresentation.shop\/pl\/wp-json\/wp\/v2\/types\/page"}],"author":[{"embeddable":true,"href":"https:\/\/ideapresentation.shop\/pl\/wp-json\/wp\/v2\/users\/1"}],"replies":[{"embeddable":true,"href":"https:\/\/ideapresentation.shop\/pl\/wp-json\/wp\/v2\/comments?post=12314"}],"version-history":[{"count":10,"href":"https:\/\/ideapresentation.shop\/pl\/wp-json\/wp\/v2\/pages\/12314\/revisions"}],"predecessor-version":[{"id":12479,"href":"https:\/\/ideapresentation.shop\/pl\/wp-json\/wp\/v2\/pages\/12314\/revisions\/12479"}],"wp:attachment":[{"href":"https:\/\/ideapresentation.shop\/pl\/wp-json\/wp\/v2\/media?parent=12314"}],"curies":[{"name":"wp","href":"https:\/\/api.w.org\/{rel}","templated":true}]}}