{"id":12305,"date":"2026-01-22T16:45:32","date_gmt":"2026-01-22T16:45:32","guid":{"rendered":"https:\/\/ideapresentation.shop\/?page_id=12305"},"modified":"2026-01-23T12:48:26","modified_gmt":"2026-01-23T12:48:26","slug":"terms-conditions","status":"publish","type":"page","link":"https:\/\/ideapresentation.shop\/pl\/terms-conditions\/","title":{"rendered":"Regulamin"},"content":{"rendered":"<div data-elementor-type=\"wp-page\" data-elementor-id=\"12305\" class=\"elementor elementor-12305\" data-elementor-post-type=\"page\">\n\t\t\t\t<div class=\"elementor-element elementor-element-1310f05 e-flex e-con-boxed e-con e-parent\" data-id=\"1310f05\" data-element_type=\"container\" data-settings=\"{&quot;ekit_has_onepagescroll_dot&quot;:&quot;yes&quot;}\">\n\t\t\t\t\t<div class=\"e-con-inner\">\n\t\t\t\t<div class=\"elementor-element elementor-element-d565157 elementor-widget elementor-widget-html\" data-id=\"d565157\" data-element_type=\"widget\" data-settings=\"{&quot;ekit_we_effect_on&quot;:&quot;none&quot;}\" data-widget_type=\"html.default\">\n\t\t\t\t<div class=\"elementor-widget-container\">\n\t\t\t\t\t<section style=\"  max-width: 1100px;  margin: 60px auto;  padding: 60px 40px;  background: #FFF7F3;  border-radius: 16px;  font-family: -apple-system, BlinkMacSystemFont, 'Segoe UI', Roboto, Arial, sans-serif;  color: #333;  line-height: 1.75;\">\r\n\r\n  <!-- \u6807\u9898 -->\r\n  <h1 style=\"    font-size: 40px;    font-weight: 800;    color: #E95D2A;    margin-bottom: 20px;  \">\r\n    Zasady i warunki\r\n  <\/h1>\r\n\r\n  <p style=\"max-width:900px;margin-bottom:40px;\">\r\n    Uzyskuj\u0105c dost\u0119p do tej witryny lub korzystaj\u0105c z niej, u\u017cytkownik wyra\u017ca zgod\u0119 na przestrzeganie niniejszych Warunk\u00f3w.\r\n    W przypadku braku takiej zgody nale\u017cy natychmiast zaprzesta\u0107 korzystania z witryny.\r\n  <\/p>\r\n\r\n  <!-- 1 -->\r\n  <h2 style=\"color:#E95D2A;\">1. Korzystanie z witryny internetowej<\/h2>\r\n  <div style=\"background:#fff;padding:28px;border-radius:14px;box-shadow:0 8px 24px rgba(233,93,42,.12);margin-bottom:40px;\">\r\n    <ul>\r\n      <li>U\u017cytkownik zgadza si\u0119 korzysta\u0107 z tej witryny zgodnie z prawem i w dobrej wierze.<\/li>\r\n      <li>Zastrzegamy sobie prawo do zawieszenia lub zamkni\u0119cia kont, kt\u00f3re naruszaj\u0105 te warunki.<\/li>\r\n    <\/ul>\r\n  <\/div>\r\n\r\n  <!-- 2 -->\r\n  <h2 style=\"color:#E95D2A;\">2. Proces zamawiania<\/h2>\r\n  <div style=\"background:#fff;padding:28px;border-radius:14px;box-shadow:0 8px 24px rgba(233,93,42,.12);margin-bottom:40px;\">\r\n    <p>\r\n      Przegl\u0105daj \u2192 Dodaj do koszyka \u2192 Do kasy \u2192 P\u0142atno\u015b\u0107 \u2192 Potwierdzenie zam\u00f3wienia\r\n    <\/p>\r\n    <p>\r\n      Wiadomo\u015b\u0107 e-mail z potwierdzeniem zam\u00f3wienia stanowi dow\u00f3d zawarcia wi\u0105\u017c\u0105cej umowy sprzeda\u017cy.\r\n    <\/p>\r\n  <\/div>\r\n\r\n  <!-- 3 -->\r\n  <h2 style=\"color:#E95D2A;\">3. Opis produktu<\/h2>\r\n  <div style=\"background:#fff;padding:28px;border-radius:14px;box-shadow:0 8px 24px rgba(233,93,42,.12);margin-bottom:40px;\">\r\n    <p>\r\n      Ze wzgl\u0119du na partie produkcyjne i warunki o\u015bwietleniowe, rzeczywiste produkty mog\u0105 wykazywa\u0107 niewielkie\r\n      r\u00f3\u017cnice w kolorze lub szczeg\u00f3\u0142ach.\r\n    <\/p>\r\n    <p>\r\n      Je\u015bli produkt znacz\u0105co r\u00f3\u017cni si\u0119 od jego opisu, mo\u017cesz ubiega\u0107 si\u0119 o zwrot.\r\n    <\/p>\r\n  <\/div>\r\n\r\n  <!-- 4 -->\r\n  <h2 style=\"color:#E95D2A;\">4. Korekty cen<\/h2>\r\n  <div style=\"background:#fff;padding:28px;border-radius:14px;box-shadow:0 8px 24px rgba(233,93,42,.12);margin-bottom:40px;\">\r\n    <p>\r\n      Ceny promocyjne wchodz\u0105 w \u017cycie natychmiast. Zam\u00f3wienia ju\u017c op\u0142acone nie b\u0119d\u0105 podlega\u0107\r\n      kolejne zmiany cen.\r\n    <\/p>\r\n  <\/div>\r\n\r\n  <!-- 5 -->\r\n  <h2 style=\"color:#E95D2A;\">5. Zobowi\u0105zanie do dostawy<\/h2>\r\n  <div style=\"background:#fff;padding:28px;border-radius:14px;box-shadow:0 8px 24px rgba(233,93,42,.12);margin-bottom:40px;\">\r\n    <ul>\r\n      <li>Zam\u00f3wienia s\u0105 wysy\u0142ane w ci\u0105gu <strong>1-2 dni robocze<\/strong>.<\/li>\r\n      <li>\u015aredni czas dostawy wynosi <strong>3-7 dni<\/strong> w ca\u0142ym kraju (w odleg\u0142ych obszarach mo\u017ce to potrwa\u0107 d\u0142u\u017cej).<\/li>\r\n      <li>O wszelkich op\u00f3\u017anieniach b\u0119dziemy informowa\u0107 proaktywnie.<\/li>\r\n    <\/ul>\r\n  <\/div>\r\n\r\n  <!-- 6 -->\r\n  <h2 style=\"color:#E95D2A;\">6. 30-dniowe bezproblemowe zwroty i wymiany<\/h2>\r\n  <div style=\"background:#fff;padding:28px;border-radius:14px;box-shadow:0 8px 24px rgba(233,93,42,.12);margin-bottom:40px;\">\r\n    <ul>\r\n      <li>30-dniowe zwroty i wymiany bez podania przyczyny.<\/li>\r\n      <li>Wszystkie koszty wysy\u0142ki zwrotnej s\u0105 pokrywane przez nas.<\/li>\r\n      <li>Prosty proces: Kontakt z pomoc\u0105 techniczn\u0105 \u2192 Zwrot przedmiotu \u2192 Szybki zwrot pieni\u0119dzy.<\/li>\r\n    <\/ul>\r\n  <\/div>\r\n\r\n  <!-- 7 -->\r\n  <h2 style=\"color:#E95D2A;\">7. Zapewnienie jako\u015bci<\/h2>\r\n  <div style=\"background:#fff;padding:28px;border-radius:14px;box-shadow:0 8px 24px rgba(233,93,42,.12);margin-bottom:40px;\">\r\n    <p>\r\n      W przypadku jakichkolwiek problem\u00f3w z jako\u015bci\u0105 prosimy o natychmiastowy kontakt z dzia\u0142em obs\u0142ugi klienta.\r\n      We\u017amiemy na siebie pe\u0142n\u0105 odpowiedzialno\u015b\u0107.\r\n    <\/p>\r\n  <\/div>\r\n\r\n  <!-- 8 -->\r\n  <h2 style=\"color:#E95D2A;\">8. Zakres odpowiedzialno\u015bci<\/h2>\r\n  <div style=\"background:#fff;padding:28px;border-radius:14px;box-shadow:0 8px 24px rgba(233,93,42,.12);margin-bottom:40px;\">\r\n    <p>\r\n      Chocia\u017c staramy si\u0119 zapewni\u0107 dok\u0142adno\u015b\u0107, mog\u0105 wyst\u0105pi\u0107 b\u0142\u0119dy.\r\n      Nie ponosimy odpowiedzialno\u015bci za zdarzenia si\u0142y wy\u017cszej, na kt\u00f3re nie mamy wp\u0142ywu.\r\n    <\/p>\r\n  <\/div>\r\n\r\n  <!-- 9 -->\r\n  <h2 style=\"color:#E95D2A;\">9. W\u0142asno\u015b\u0107 intelektualna<\/h2>\r\n  <div style=\"background:#fff;padding:28px;border-radius:14px;box-shadow:0 8px 24px rgba(233,93,42,.12);margin-bottom:40px;\">\r\n    <p>\r\n      Ca\u0142a zawarto\u015b\u0107 witryny, w tym tekst, obrazy i logo, jest prawnie chroniona.\r\n      Nieautoryzowane u\u017cycie jest zabronione.\r\n    <\/p>\r\n  <\/div>\r\n\r\n  <!-- 10 -->\r\n  <h2 style=\"color:#E95D2A;\">10. Prywatno\u015b\u0107 i bezpiecze\u0144stwo<\/h2>\r\n  <p>\r\n    Szczeg\u00f3\u0142owe informacje na temat przetwarzania danych osobowych mo\u017cna znale\u017a\u0107 w naszej Polityce prywatno\u015bci.\r\n    Jeste\u015bmy zobowi\u0105zani do ochrony danych u\u017cytkownik\u00f3w.\r\n  <\/p>\r\n\r\n  <!-- 11 -->\r\n  <h2 style=\"color:#E95D2A;\">11. Skuteczno\u015b\u0107 warunk\u00f3w i aktualizacje<\/h2>\r\n  <p>\r\n    Dalsze korzystanie z tej witryny oznacza akceptacj\u0119 tych warunk\u00f3w.\r\n    Zastrzegamy sobie prawo do ich aktualizacji w razie potrzeby.\r\n  <\/p>\r\n\r\n  <!-- \u5e95\u90e8\u5f3a\u8c03 -->\r\n  <div style=\"    margin-top:50px;    padding:26px;    background:#FFE2D7;    border-radius:12px;    text-align:center;  \">\r\n    <p style=\"margin:0;font-weight:600;color:#E95D2A;font-size:18px;\">\r\n      Warunki te maj\u0105 na celu ochron\u0119 zar\u00f3wno u\u017cytkownika, jak i nas, zapewniaj\u0105c uczciwe i przejrzyste zakupy.\r\n    <\/p>\r\n  <\/div>\r\n\r\n<\/section>\r\n\t\t\t\t<\/div>\n\t\t\t\t<\/div>\n\t\t\t\t\t<\/div>\n\t\t\t\t<\/div>\n\t\t\t\t<\/div>","protected":false},"excerpt":{"rendered":"<p>Terms and Conditions By accessing or using this website, you agree to be bound by these Terms and Conditions. If&#8230;<\/p>","protected":false},"author":1,"featured_media":0,"parent":0,"menu_order":0,"comment_status":"closed","ping_status":"closed","template":"","meta":{"_acf_changed":false,"footnotes":""},"class_list":["post-12305","page","type-page","status-publish","hentry"],"acf":[],"_hostinger_reach_plugin_has_subscription_block":false,"_hostinger_reach_plugin_is_elementor":false,"_links":{"self":[{"href":"https:\/\/ideapresentation.shop\/pl\/wp-json\/wp\/v2\/pages\/12305","targetHints":{"allow":["GET"]}}],"collection":[{"href":"https:\/\/ideapresentation.shop\/pl\/wp-json\/wp\/v2\/pages"}],"about":[{"href":"https:\/\/ideapresentation.shop\/pl\/wp-json\/wp\/v2\/types\/page"}],"author":[{"embeddable":true,"href":"https:\/\/ideapresentation.shop\/pl\/wp-json\/wp\/v2\/users\/1"}],"replies":[{"embeddable":true,"href":"https:\/\/ideapresentation.shop\/pl\/wp-json\/wp\/v2\/comments?post=12305"}],"version-history":[{"count":10,"href":"https:\/\/ideapresentation.shop\/pl\/wp-json\/wp\/v2\/pages\/12305\/revisions"}],"predecessor-version":[{"id":12476,"href":"https:\/\/ideapresentation.shop\/pl\/wp-json\/wp\/v2\/pages\/12305\/revisions\/12476"}],"wp:attachment":[{"href":"https:\/\/ideapresentation.shop\/pl\/wp-json\/wp\/v2\/media?parent=12305"}],"curies":[{"name":"wp","href":"https:\/\/api.w.org\/{rel}","templated":true}]}}