{"id":12291,"date":"2026-01-22T16:39:14","date_gmt":"2026-01-22T16:39:14","guid":{"rendered":"https:\/\/ideapresentation.shop\/?page_id=12291"},"modified":"2026-01-23T12:48:11","modified_gmt":"2026-01-23T12:48:11","slug":"delivery-information","status":"publish","type":"page","link":"https:\/\/ideapresentation.shop\/pl\/delivery-information\/","title":{"rendered":"Informacje o dostawie"},"content":{"rendered":"<div data-elementor-type=\"wp-page\" data-elementor-id=\"12291\" class=\"elementor elementor-12291\" data-elementor-post-type=\"page\">\n\t\t\t\t<div class=\"elementor-element elementor-element-e967f25 e-flex e-con-boxed e-con e-parent\" data-id=\"e967f25\" data-element_type=\"container\" data-settings=\"{&quot;ekit_has_onepagescroll_dot&quot;:&quot;yes&quot;}\">\n\t\t\t\t\t<div class=\"e-con-inner\">\n\t\t\t\t<div class=\"elementor-element elementor-element-03cc1e7 elementor-widget elementor-widget-html\" data-id=\"03cc1e7\" data-element_type=\"widget\" data-settings=\"{&quot;ekit_we_effect_on&quot;:&quot;none&quot;}\" data-widget_type=\"html.default\">\n\t\t\t\t<div class=\"elementor-widget-container\">\n\t\t\t\t\t<section style=\"  max-width: 1100px;  margin: 60px auto;  padding: 60px 40px;  background: #FFF7F3;  border-radius: 16px;  font-family: -apple-system, BlinkMacSystemFont, 'Segoe UI', Roboto, Arial, sans-serif;  color: #333;\">\r\n\r\n  <!-- \u6807\u9898 -->\r\n  <h1 style=\"    font-size: 40px;    font-weight: 800;    color: #E95D2A;    margin-bottom: 40px;  \">\r\n    Zasady wysy\u0142ki i zwrot\u00f3w\r\n  <\/h1>\r\n\r\n  <!-- Shipping Information -->\r\n  <div style=\"margin-bottom: 50px;\">\r\n    <h2 style=\"      font-size: 28px;      font-weight: 700;      color: #E95D2A;      margin-bottom: 20px;    \">\r\n      Informacje o wysy\u0142ce\r\n    <\/h2>\r\n\r\n    <div style=\"      background: #fff;      padding: 32px;      border-radius: 14px;      box-shadow: 0 8px 24px rgba(233, 93, 42, 0.12);    \">\r\n\r\n      <p><strong>Czas przetwarzania:<\/strong> Po pomy\u015blnym dokonaniu p\u0142atno\u015bci zapakujemy i wy\u015blemy zam\u00f3wienie w ci\u0105gu <strong>1-2 dni robocze<\/strong> (z wy\u0142\u0105czeniem \u015bwi\u0105t).<\/p>\r\n\r\n      <p><strong>Szacowany czas dostawy:<\/strong> \u015aredni czas dostawy na terenie ca\u0142ego kraju wynosi <strong>3-7 dni<\/strong>. Odleg\u0142e obszary mog\u0105 wymaga\u0107 <strong>5-7 dni<\/strong>. Zawsze stawiamy na niezawodnych dostawc\u00f3w us\u0142ug logistycznych.<\/p>\r\n\r\n      <p><strong>\u015aledzenie logistyki:<\/strong> Po wys\u0142aniu zam\u00f3wienia otrzymasz numer \u015bledzenia, aby monitorowa\u0107 status dostawy w czasie rzeczywistym.<\/p>\r\n\r\n      <p><strong>Zasady wysy\u0142ki:<\/strong> Zam\u00f3wienia przekraczaj\u0105ce okre\u015blon\u0105 kwot\u0119 kwalifikuj\u0105 si\u0119 do <strong>bezp\u0142atna wysy\u0142ka<\/strong>.  \r\n      Zam\u00f3wienia poni\u017cej minimalnego progu b\u0119d\u0105 wi\u0105za\u0142y si\u0119 z uzasadnionymi op\u0142atami za wysy\u0142k\u0119 (szczeg\u00f3\u0142owe informacje mo\u017cna znale\u017a\u0107 na stronie kasy).<\/p>\r\n\r\n    <\/div>\r\n  <\/div>\r\n\r\n  <!-- Return & Exchange Policy -->\r\n  <div>\r\n    <h2 style=\"      font-size: 28px;      font-weight: 700;      color: #E95D2A;      margin-bottom: 20px;    \">\r\n      Polityka zwrot\u00f3w i wymiany\r\n    <\/h2>\r\n\r\n    <div style=\"      background: #fff;      padding: 32px;      border-radius: 14px;      box-shadow: 0 8px 24px rgba(233, 93, 42, 0.12);    \">\r\n\r\n      <p><strong>Okres zwrotu:<\/strong> Wspieramy <strong>30-dniowe zwroty i wymiany bez podania przyczyny<\/strong>, liczony od daty otrzymania.<\/p>\r\n\r\n      <p><strong>Warunki zwrotu:<\/strong><\/p>\r\n      <ul style=\"padding-left: 20px; line-height: 1.7;\">\r\n        <li>Produkty musz\u0105 by\u0107 nieu\u017cywane, nieuszkodzone i w oryginalnym opakowaniu.<\/li>\r\n        <li>Nale\u017cy do\u0142\u0105czy\u0107 oryginaln\u0105 faktur\u0119 i wszystkie akcesoria.<\/li>\r\n      <\/ul>\r\n\r\n      <p><strong>Koszty wysy\u0142ki:<\/strong> W przypadku nieuzasadnionych zwrot\u00f3w pokrywamy <strong>Koszty wysy\u0142ki w obie strony<\/strong>.<\/p>\r\n\r\n      <p><strong>Kwestie jako\u015bci:<\/strong> Je\u015bli produkt ma wad\u0119 jako\u015bciow\u0105, dostarczymy <strong>Bezp\u0142atna wymiana lub pe\u0142ny zwrot pieni\u0119dzy<\/strong>.<\/p>\r\n\r\n      <p><strong>Proces zwrotu pieni\u0119dzy:<\/strong><\/p>\r\n      <ol style=\"padding-left: 20px; line-height: 1.7;\">\r\n        <li>Skontaktuj si\u0119 z dzia\u0142em obs\u0142ugi klienta, aby zainicjowa\u0107 \u017c\u0105danie zwrotu.<\/li>\r\n        <li>Dostarczymy adres zwrotny i op\u0142acon\u0105 z g\u00f3ry etykiet\u0119.<\/li>\r\n        <li>Po sprawdzeniu i potwierdzeniu, zwroty b\u0119d\u0105 dokonywane na pierwotn\u0105 metod\u0119 p\u0142atno\u015bci w terminie <strong>1-3 dni robocze<\/strong>.<\/li>\r\n      <\/ol>\r\n\r\n    <\/div>\r\n  <\/div>\r\n\r\n  <!-- \u5e95\u90e8\u5f3a\u8c03 -->\r\n  <div style=\"    margin-top: 50px;    padding: 28px;    background: #FFE2D7;    border-radius: 12px;    text-align: center;  \">\r\n    <p style=\"      font-size: 18px;      margin: 0;      font-weight: 600;      color: #E95D2A;    \">\r\n      Naszym celem jest zapewnienie bezpiecznych, szybkich i bezproblemowych zakup\u00f3w.\r\n    <\/p>\r\n    <p style=\"margin-top: 10px;\">\r\n      W razie jakichkolwiek pyta\u0144 prosimy o kontakt z naszym dzia\u0142em obs\u0142ugi klienta.\r\n    <\/p>\r\n  <\/div>\r\n\r\n<\/section>\r\n\t\t\t\t<\/div>\n\t\t\t\t<\/div>\n\t\t\t\t\t<\/div>\n\t\t\t\t<\/div>\n\t\t\t\t<\/div>","protected":false},"excerpt":{"rendered":"<p>Shipping &#038; Return Policy \ud83d\ude9a Shipping Information Processing Time: After successful payment, we will pack and ship your order within&#8230;<\/p>","protected":false},"author":1,"featured_media":0,"parent":0,"menu_order":0,"comment_status":"closed","ping_status":"closed","template":"","meta":{"_acf_changed":false,"footnotes":""},"class_list":["post-12291","page","type-page","status-publish","hentry"],"acf":[],"_hostinger_reach_plugin_has_subscription_block":false,"_hostinger_reach_plugin_is_elementor":false,"_links":{"self":[{"href":"https:\/\/ideapresentation.shop\/pl\/wp-json\/wp\/v2\/pages\/12291","targetHints":{"allow":["GET"]}}],"collection":[{"href":"https:\/\/ideapresentation.shop\/pl\/wp-json\/wp\/v2\/pages"}],"about":[{"href":"https:\/\/ideapresentation.shop\/pl\/wp-json\/wp\/v2\/types\/page"}],"author":[{"embeddable":true,"href":"https:\/\/ideapresentation.shop\/pl\/wp-json\/wp\/v2\/users\/1"}],"replies":[{"embeddable":true,"href":"https:\/\/ideapresentation.shop\/pl\/wp-json\/wp\/v2\/comments?post=12291"}],"version-history":[{"count":11,"href":"https:\/\/ideapresentation.shop\/pl\/wp-json\/wp\/v2\/pages\/12291\/revisions"}],"predecessor-version":[{"id":12470,"href":"https:\/\/ideapresentation.shop\/pl\/wp-json\/wp\/v2\/pages\/12291\/revisions\/12470"}],"wp:attachment":[{"href":"https:\/\/ideapresentation.shop\/pl\/wp-json\/wp\/v2\/media?parent=12291"}],"curies":[{"name":"wp","href":"https:\/\/api.w.org\/{rel}","templated":true}]}}