{"id":13350,"date":"2026-02-05T04:06:26","date_gmt":"2026-02-05T04:06:26","guid":{"rendered":"https:\/\/ideapresentation.shop\/?post_type=product&#038;p=13350"},"modified":"2026-02-05T04:10:15","modified_gmt":"2026-02-05T04:10:15","slug":"lavazza-qualita-rossa-coffee-beans-1kg-pack-of-1-limited-offer-arabica-and-robusta-intensity-5-10-medium-roasting-lavazza-lavzza-coffee-coffee-lavazza-rossa-ideal-for-weekend-sales-may-dea","status":"publish","type":"product","link":"https:\/\/ideapresentation.shop\/es\/producto\/lavazza-qualita-rossa-coffee-beans-1kg-pack-of-1-limited-offer-arabica-and-robusta-intensity-5-10-medium-roasting-lavazza-lavzza-coffee-coffee-lavazza-rossa-ideal-for-weekend-sales-may-dea\/","title":{"rendered":"Lavazza Qualit\u00e0 Rossa Caf\u00e9 en Grano 1kg (Pack de 1), Oferta Limitada, Ar\u00e1bica y Robusta, Intensidad 5\/10, Tueste Medio. Lavazza. Caf\u00e9 Lavzza. Caf\u00e9. Lavazza Rossa. Ideal para Rebajas de Fin de Semana. Oferta de Mayo. Regalos. May Deal Drops. Bebidas. Compras."},"content":{"rendered":"<div data-elementor-type=\"product-post\" data-elementor-id=\"13350\" class=\"elementor elementor-13350\" data-elementor-post-type=\"product\">\n\t\t\t\t<div class=\"elementor-element elementor-element-64c586e3 e-grid e-con-boxed e-con e-parent\" data-id=\"64c586e3\" data-element_type=\"container\" data-settings=\"{&quot;ekit_has_onepagescroll_dot&quot;:&quot;yes&quot;}\">\n\t\t\t\t\t<div class=\"e-con-inner\">\n\t\t\t\t<div class=\"elementor-element elementor-element-55589d3f elementor-widget elementor-widget-video\" data-id=\"55589d3f\" data-element_type=\"widget\" data-settings=\"{&quot;video_type&quot;:&quot;hosted&quot;,&quot;controls&quot;:&quot;yes&quot;,&quot;ekit_we_effect_on&quot;:&quot;none&quot;}\" data-widget_type=\"video.default\">\n\t\t\t\t<div class=\"elementor-widget-container\">\n\t\t\t\t\t\t\t<div class=\"e-hosted-video elementor-wrapper elementor-open-inline\">\n\t\t\t\t\t<video class=\"elementor-video\" src=\"https:\/\/ideapresentation.shop\/wp-content\/uploads\/2026\/02\/\u843d\u5730\u9875\u89c6\u9891.mp4\" controls=\"\" preload=\"metadata\" controlslist=\"nodownload\"><\/video>\n\t\t\t\t<\/div>\n\t\t\t\t\t\t<\/div>\n\t\t\t\t<\/div>\n\t\t\t\t<div class=\"elementor-element elementor-element-6ba77d9c elementor-widget elementor-widget-text-editor\" data-id=\"6ba77d9c\" data-element_type=\"widget\" data-settings=\"{&quot;ekit_we_effect_on&quot;:&quot;none&quot;}\" data-widget_type=\"text-editor.default\">\n\t\t\t\t<div class=\"elementor-widget-container\">\n\t\t\t\t\t\t\t\t\t<!DOCTYPE html>\n<html lang=\"en\">\n<head>\n    <meta charset=\"UTF-8\">\n    <meta name=\"viewport\" content=\"width=device-width, initial-scale=1.0\">\n    <title>Coffee Product Details<\/title>\n    <style>\n        \/* Main container - left-aligned, controlled max width for clean layout *\/\n        .coffee-details {\n            font-family: Arial, sans-serif;\n            max-width: 900px; \/* Adjustable width as needed *\/\n            margin: 20px 0; \/* Vertical spacing only (left-aligned) *\/\n            padding: 0;\n        }\n\n        \/* Individual line styling with full-width underline *\/\n        .detail-line {\n            display: flex;\n            align-items: center;\n            width: 100%;\n            margin: 10px 0; \/* Line spacing for readability *\/\n            border-bottom: 1px solid #000; \/* Full-width underline *\/\n            padding-bottom: 4px; \/* Space between text and underline *\/\n        }\n\n        \/* Attribute label styling (fixed width for alignment) *\/\n        .detail-label {\n            font-weight: 600;\n            min-width: 120px; \/* Fixed width for consistent label alignment *\/\n            text-align: left;\n            margin-right: 8px;\n        }\n\n        \/* Value\/text styling (fills remaining space) *\/\n        .detail-value {\n            flex: 1; \/* Ensures underline spans full width regardless of text length *\/\n            text-align: left;\n        }\n\n        \/* Long description line (no label, full width text) *\/\n        .description-line .detail-value {\n            min-width: 100%; \/* Full width for long descriptive text *\/\n        }\n    <\/style>\n<\/head>\n<body>\n    <div class=\"coffee-details\">\n        <div class=\"detail-line\">\n            <span class=\"detail-label\">Pruebe<\/span>\n            <span class=\"detail-value\">Plena y sostenida<\/span>\n        <\/div>\n        <div class=\"detail-line\">\n            <span class=\"detail-label\">Aroma<\/span>\n            <span class=\"detail-value\">Notas de chocolate<\/span>\n        <\/div>\n        <div class=\"detail-line\">\n            <span class=\"detail-label\">Intensidad<\/span>\n            <span class=\"detail-value\">5<\/span>\n        <\/div>\n        <div class=\"detail-line\">\n            <span class=\"detail-label\">Asado<\/span>\n            <span class=\"detail-value\">Medio<\/span>\n        <\/div>\n        <div class=\"detail-line\">\n            <span class=\"detail-label\">Oferta<\/span>\n            <span class=\"detail-value\">4 paquetes de 1 kg<\/span>\n        <\/div>\n        <div class=\"detail-line description-line\">\n            <span class=\"detail-value\">Esta selecci\u00f3n de caf\u00e9 se caracteriza por notas arom\u00e1ticas de chocolate y frutos secos,<\/span>\n        <\/div>\n    <\/div>\n<\/body>\n<\/html>\t\t\t\t\t\t\t\t<\/div>\n\t\t\t\t<\/div>\n\t\t\t\t\t<\/div>\n\t\t\t\t<\/div>\n\t\t<div class=\"elementor-element elementor-element-2b289cb1 e-flex e-con-boxed e-con e-parent\" data-id=\"2b289cb1\" data-element_type=\"container\" data-settings=\"{&quot;ekit_has_onepagescroll_dot&quot;:&quot;yes&quot;}\">\n\t\t\t\t\t<div class=\"e-con-inner\">\n\t\t\t\t<div class=\"elementor-element elementor-element-3144c1aa elementor-widget elementor-widget-image\" data-id=\"3144c1aa\" data-element_type=\"widget\" data-settings=\"{&quot;ekit_we_effect_on&quot;:&quot;none&quot;}\" data-widget_type=\"image.default\">\n\t\t\t\t<div class=\"elementor-widget-container\">\n\t\t\t\t\t\t\t\t\t\t\t\t\t\t\t<img loading=\"lazy\" decoding=\"async\" width=\"970\" height=\"600\" src=\"https:\/\/ideapresentation.shop\/wp-content\/uploads\/2026\/02\/1-3.png\" class=\"attachment-large size-large wp-image-13361 wvs-archive-product-image\" alt=\"\" srcset=\"https:\/\/ideapresentation.shop\/wp-content\/uploads\/2026\/02\/1-3.png 970w, https:\/\/ideapresentation.shop\/wp-content\/uploads\/2026\/02\/1-3-300x186.png 300w, https:\/\/ideapresentation.shop\/wp-content\/uploads\/2026\/02\/1-3-768x475.png 768w, https:\/\/ideapresentation.shop\/wp-content\/uploads\/2026\/02\/1-3-18x12.png 18w, https:\/\/ideapresentation.shop\/wp-content\/uploads\/2026\/02\/1-3-600x371.png 600w, https:\/\/ideapresentation.shop\/wp-content\/uploads\/2026\/02\/1-3-1x1.png 1w, https:\/\/ideapresentation.shop\/wp-content\/uploads\/2026\/02\/1-3-10x6.png 10w\" sizes=\"auto, (max-width: 970px) 100vw, 970px\" \/>\t\t\t\t\t\t\t\t\t\t\t\t\t\t\t<\/div>\n\t\t\t\t<\/div>\n\t\t\t\t<div class=\"elementor-element elementor-element-35042607 elementor-widget elementor-widget-image\" data-id=\"35042607\" data-element_type=\"widget\" data-settings=\"{&quot;ekit_we_effect_on&quot;:&quot;none&quot;}\" data-widget_type=\"image.default\">\n\t\t\t\t<div class=\"elementor-widget-container\">\n\t\t\t\t\t\t\t\t\t\t\t\t\t\t\t<img loading=\"lazy\" decoding=\"async\" width=\"970\" height=\"600\" src=\"https:\/\/ideapresentation.shop\/wp-content\/uploads\/2026\/02\/2-3.png\" class=\"attachment-large size-large wp-image-13362 wvs-archive-product-image\" alt=\"\" srcset=\"https:\/\/ideapresentation.shop\/wp-content\/uploads\/2026\/02\/2-3.png 970w, https:\/\/ideapresentation.shop\/wp-content\/uploads\/2026\/02\/2-3-300x186.png 300w, https:\/\/ideapresentation.shop\/wp-content\/uploads\/2026\/02\/2-3-768x475.png 768w, https:\/\/ideapresentation.shop\/wp-content\/uploads\/2026\/02\/2-3-18x12.png 18w, https:\/\/ideapresentation.shop\/wp-content\/uploads\/2026\/02\/2-3-600x371.png 600w, https:\/\/ideapresentation.shop\/wp-content\/uploads\/2026\/02\/2-3-1x1.png 1w, https:\/\/ideapresentation.shop\/wp-content\/uploads\/2026\/02\/2-3-10x6.png 10w\" sizes=\"auto, (max-width: 970px) 100vw, 970px\" \/>\t\t\t\t\t\t\t\t\t\t\t\t\t\t\t<\/div>\n\t\t\t\t<\/div>\n\t\t\t\t<div class=\"elementor-element elementor-element-c37d791 elementor-widget elementor-widget-image\" data-id=\"c37d791\" data-element_type=\"widget\" data-settings=\"{&quot;ekit_we_effect_on&quot;:&quot;none&quot;}\" data-widget_type=\"image.default\">\n\t\t\t\t<div class=\"elementor-widget-container\">\n\t\t\t\t\t\t\t\t\t\t\t\t\t\t\t<img loading=\"lazy\" decoding=\"async\" width=\"970\" height=\"600\" src=\"https:\/\/ideapresentation.shop\/wp-content\/uploads\/2026\/02\/3-3.png\" class=\"attachment-large size-large wp-image-13363 wvs-archive-product-image\" alt=\"\" srcset=\"https:\/\/ideapresentation.shop\/wp-content\/uploads\/2026\/02\/3-3.png 970w, https:\/\/ideapresentation.shop\/wp-content\/uploads\/2026\/02\/3-3-300x186.png 300w, https:\/\/ideapresentation.shop\/wp-content\/uploads\/2026\/02\/3-3-768x475.png 768w, https:\/\/ideapresentation.shop\/wp-content\/uploads\/2026\/02\/3-3-18x12.png 18w, https:\/\/ideapresentation.shop\/wp-content\/uploads\/2026\/02\/3-3-600x371.png 600w, https:\/\/ideapresentation.shop\/wp-content\/uploads\/2026\/02\/3-3-1x1.png 1w, https:\/\/ideapresentation.shop\/wp-content\/uploads\/2026\/02\/3-3-10x6.png 10w\" sizes=\"auto, (max-width: 970px) 100vw, 970px\" \/>\t\t\t\t\t\t\t\t\t\t\t\t\t\t\t<\/div>\n\t\t\t\t<\/div>\n\t\t\t\t<div class=\"elementor-element elementor-element-22d976cc elementor-widget elementor-widget-image\" data-id=\"22d976cc\" data-element_type=\"widget\" data-settings=\"{&quot;ekit_we_effect_on&quot;:&quot;none&quot;}\" data-widget_type=\"image.default\">\n\t\t\t\t<div class=\"elementor-widget-container\">\n\t\t\t\t\t\t\t\t\t\t\t\t\t\t\t<img loading=\"lazy\" decoding=\"async\" width=\"970\" height=\"600\" src=\"https:\/\/ideapresentation.shop\/wp-content\/uploads\/2026\/02\/5-3.png\" class=\"attachment-large size-large wp-image-13364 wvs-archive-product-image\" alt=\"\" srcset=\"https:\/\/ideapresentation.shop\/wp-content\/uploads\/2026\/02\/5-3.png 970w, https:\/\/ideapresentation.shop\/wp-content\/uploads\/2026\/02\/5-3-300x186.png 300w, https:\/\/ideapresentation.shop\/wp-content\/uploads\/2026\/02\/5-3-768x475.png 768w, https:\/\/ideapresentation.shop\/wp-content\/uploads\/2026\/02\/5-3-18x12.png 18w, https:\/\/ideapresentation.shop\/wp-content\/uploads\/2026\/02\/5-3-600x371.png 600w, https:\/\/ideapresentation.shop\/wp-content\/uploads\/2026\/02\/5-3-1x1.png 1w, https:\/\/ideapresentation.shop\/wp-content\/uploads\/2026\/02\/5-3-10x6.png 10w\" sizes=\"auto, (max-width: 970px) 100vw, 970px\" \/>\t\t\t\t\t\t\t\t\t\t\t\t\t\t\t<\/div>\n\t\t\t\t<\/div>\n\t\t\t\t\t<\/div>\n\t\t\t\t<\/div>\n\t\t\t\t<\/div>","protected":false},"excerpt":{"rendered":"<p>https:\/\/ideapresentation.shop\/wp-content\/uploads\/2026\/02\/\u843d\u5730\u9875\u89c6\u9891.mp4 Coffee Product Details Taste Full and sustained Aroma Chocolate notes Intensity 5 Roasting Medium Offer 4 Pack of 1kg&#8230;<\/p>","protected":false},"featured_media":13351,"comment_status":"open","ping_status":"closed","template":"","meta":{"_acf_changed":false},"etheme_brands":[],"product_brand":[],"product_cat":[118],"product_tag":[],"class_list":{"0":"post-13350","1":"product","2":"type-product","3":"status-publish","4":"has-post-thumbnail","6":"product_cat-sale-shop","8":"first","9":"instock","10":"sale","11":"shipping-taxable","12":"purchasable","13":"product-type-simple"},"acf":[],"_links":{"self":[{"href":"https:\/\/ideapresentation.shop\/es\/wp-json\/wp\/v2\/product\/13350","targetHints":{"allow":["GET"]}}],"collection":[{"href":"https:\/\/ideapresentation.shop\/es\/wp-json\/wp\/v2\/product"}],"about":[{"href":"https:\/\/ideapresentation.shop\/es\/wp-json\/wp\/v2\/types\/product"}],"replies":[{"embeddable":true,"href":"https:\/\/ideapresentation.shop\/es\/wp-json\/wp\/v2\/comments?post=13350"}],"version-history":[{"count":4,"href":"https:\/\/ideapresentation.shop\/es\/wp-json\/wp\/v2\/product\/13350\/revisions"}],"predecessor-version":[{"id":13372,"href":"https:\/\/ideapresentation.shop\/es\/wp-json\/wp\/v2\/product\/13350\/revisions\/13372"}],"wp:featuredmedia":[{"embeddable":true,"href":"https:\/\/ideapresentation.shop\/es\/wp-json\/wp\/v2\/media\/13351"}],"wp:attachment":[{"href":"https:\/\/ideapresentation.shop\/es\/wp-json\/wp\/v2\/media?parent=13350"}],"wp:term":[{"taxonomy":"brand","embeddable":true,"href":"https:\/\/ideapresentation.shop\/es\/wp-json\/wp\/v2\/etheme_brands?post=13350"},{"taxonomy":"product_brand","embeddable":true,"href":"https:\/\/ideapresentation.shop\/es\/wp-json\/wp\/v2\/product_brand?post=13350"},{"taxonomy":"product_cat","embeddable":true,"href":"https:\/\/ideapresentation.shop\/es\/wp-json\/wp\/v2\/product_cat?post=13350"},{"taxonomy":"product_tag","embeddable":true,"href":"https:\/\/ideapresentation.shop\/es\/wp-json\/wp\/v2\/product_tag?post=13350"}],"curies":[{"name":"wp","href":"https:\/\/api.w.org\/{rel}","templated":true}]}}