{"id":13328,"date":"2026-02-05T03:22:46","date_gmt":"2026-02-05T03:22:46","guid":{"rendered":"https:\/\/ideapresentation.shop\/?post_type=product&#038;p=13328"},"modified":"2026-02-05T03:29:07","modified_gmt":"2026-02-05T03:29:07","slug":"3000a-peak-portable-car-jump-starter-with-usb-qc-3-0-fast-charge-port-emergency-battery-pack-with-led-flashlight-for-roadside-assistance-car-essential-top-picks","status":"publish","type":"product","link":"https:\/\/ideapresentation.shop\/es\/producto\/3000a-peak-portable-car-jump-starter-with-usb-qc-3-0-fast-charge-port-emergency-battery-pack-with-led-flashlight-for-roadside-assistance-car-essential-top-picks\/","title":{"rendered":"Arrancador port\u00e1til de 3000 A con puerto de carga r\u00e1pida USB QC 3.0, bater\u00eda de emergencia con linterna LED para asistencia en carretera, esencial para el coche #TOP PICKS"},"content":{"rendered":"<div data-elementor-type=\"product-post\" data-elementor-id=\"13328\" class=\"elementor elementor-13328\" data-elementor-post-type=\"product\">\n\t\t\t\t<div class=\"elementor-element elementor-element-6244c739 e-flex e-con-boxed e-con e-parent\" data-id=\"6244c739\" data-element_type=\"container\" data-settings=\"{&quot;ekit_has_onepagescroll_dot&quot;:&quot;yes&quot;}\">\n\t\t\t\t\t<div class=\"e-con-inner\">\n\t\t\t\t<div class=\"elementor-element elementor-element-74c14d2c elementor-widget elementor-widget-image\" data-id=\"74c14d2c\" data-element_type=\"widget\" data-settings=\"{&quot;ekit_we_effect_on&quot;:&quot;none&quot;}\" data-widget_type=\"image.default\">\n\t\t\t\t<div class=\"elementor-widget-container\">\n\t\t\t\t\t\t\t\t\t\t\t\t\t\t\t<img loading=\"lazy\" decoding=\"async\" width=\"819\" height=\"1024\" src=\"https:\/\/ideapresentation.shop\/wp-content\/uploads\/2026\/02\/Se272d2e667b047ab993c04976ea84871b-1-819x1024.webp\" class=\"attachment-large size-large wp-image-13335 wvs-archive-product-image\" alt=\"\" srcset=\"https:\/\/ideapresentation.shop\/wp-content\/uploads\/2026\/02\/Se272d2e667b047ab993c04976ea84871b-1-819x1024.webp 819w, https:\/\/ideapresentation.shop\/wp-content\/uploads\/2026\/02\/Se272d2e667b047ab993c04976ea84871b-1-240x300.webp 240w, https:\/\/ideapresentation.shop\/wp-content\/uploads\/2026\/02\/Se272d2e667b047ab993c04976ea84871b-1-768x960.webp 768w, https:\/\/ideapresentation.shop\/wp-content\/uploads\/2026\/02\/Se272d2e667b047ab993c04976ea84871b-1-10x12.webp 10w, https:\/\/ideapresentation.shop\/wp-content\/uploads\/2026\/02\/Se272d2e667b047ab993c04976ea84871b-1-600x750.webp 600w, https:\/\/ideapresentation.shop\/wp-content\/uploads\/2026\/02\/Se272d2e667b047ab993c04976ea84871b-1-1x1.webp 1w, https:\/\/ideapresentation.shop\/wp-content\/uploads\/2026\/02\/Se272d2e667b047ab993c04976ea84871b-1-8x10.webp 8w, https:\/\/ideapresentation.shop\/wp-content\/uploads\/2026\/02\/Se272d2e667b047ab993c04976ea84871b-1.webp 1200w\" sizes=\"auto, (max-width: 819px) 100vw, 819px\" \/>\t\t\t\t\t\t\t\t\t\t\t\t\t\t\t<\/div>\n\t\t\t\t<\/div>\n\t\t\t\t<div class=\"elementor-element elementor-element-761c53b0 elementor-widget elementor-widget-image\" data-id=\"761c53b0\" data-element_type=\"widget\" data-settings=\"{&quot;ekit_we_effect_on&quot;:&quot;none&quot;}\" data-widget_type=\"image.default\">\n\t\t\t\t<div class=\"elementor-widget-container\">\n\t\t\t\t\t\t\t\t\t\t\t\t\t\t\t<img loading=\"lazy\" decoding=\"async\" width=\"1200\" height=\"1500\" src=\"https:\/\/ideapresentation.shop\/wp-content\/uploads\/2026\/02\/S5371a79b4ec04f628309e66a4678cdf6E-1.webp\" class=\"attachment-full size-full wp-image-13336 wvs-archive-product-image\" alt=\"\" srcset=\"https:\/\/ideapresentation.shop\/wp-content\/uploads\/2026\/02\/S5371a79b4ec04f628309e66a4678cdf6E-1.webp 1200w, https:\/\/ideapresentation.shop\/wp-content\/uploads\/2026\/02\/S5371a79b4ec04f628309e66a4678cdf6E-1-240x300.webp 240w, https:\/\/ideapresentation.shop\/wp-content\/uploads\/2026\/02\/S5371a79b4ec04f628309e66a4678cdf6E-1-819x1024.webp 819w, https:\/\/ideapresentation.shop\/wp-content\/uploads\/2026\/02\/S5371a79b4ec04f628309e66a4678cdf6E-1-768x960.webp 768w, https:\/\/ideapresentation.shop\/wp-content\/uploads\/2026\/02\/S5371a79b4ec04f628309e66a4678cdf6E-1-10x12.webp 10w, https:\/\/ideapresentation.shop\/wp-content\/uploads\/2026\/02\/S5371a79b4ec04f628309e66a4678cdf6E-1-600x750.webp 600w, https:\/\/ideapresentation.shop\/wp-content\/uploads\/2026\/02\/S5371a79b4ec04f628309e66a4678cdf6E-1-1x1.webp 1w, https:\/\/ideapresentation.shop\/wp-content\/uploads\/2026\/02\/S5371a79b4ec04f628309e66a4678cdf6E-1-8x10.webp 8w\" sizes=\"auto, (max-width: 1200px) 100vw, 1200px\" \/>\t\t\t\t\t\t\t\t\t\t\t\t\t\t\t<\/div>\n\t\t\t\t<\/div>\n\t\t\t\t<div class=\"elementor-element elementor-element-716fceae elementor-widget elementor-widget-image\" data-id=\"716fceae\" data-element_type=\"widget\" data-settings=\"{&quot;ekit_we_effect_on&quot;:&quot;none&quot;}\" data-widget_type=\"image.default\">\n\t\t\t\t<div class=\"elementor-widget-container\">\n\t\t\t\t\t\t\t\t\t\t\t\t\t\t\t<img loading=\"lazy\" decoding=\"async\" width=\"1200\" height=\"1500\" src=\"https:\/\/ideapresentation.shop\/wp-content\/uploads\/2026\/02\/S73fac4c02731416f9711adbab29e837eI-1.webp\" class=\"attachment-full size-full wp-image-13337 wvs-archive-product-image\" alt=\"\" srcset=\"https:\/\/ideapresentation.shop\/wp-content\/uploads\/2026\/02\/S73fac4c02731416f9711adbab29e837eI-1.webp 1200w, https:\/\/ideapresentation.shop\/wp-content\/uploads\/2026\/02\/S73fac4c02731416f9711adbab29e837eI-1-240x300.webp 240w, https:\/\/ideapresentation.shop\/wp-content\/uploads\/2026\/02\/S73fac4c02731416f9711adbab29e837eI-1-819x1024.webp 819w, https:\/\/ideapresentation.shop\/wp-content\/uploads\/2026\/02\/S73fac4c02731416f9711adbab29e837eI-1-768x960.webp 768w, https:\/\/ideapresentation.shop\/wp-content\/uploads\/2026\/02\/S73fac4c02731416f9711adbab29e837eI-1-10x12.webp 10w, https:\/\/ideapresentation.shop\/wp-content\/uploads\/2026\/02\/S73fac4c02731416f9711adbab29e837eI-1-600x750.webp 600w, https:\/\/ideapresentation.shop\/wp-content\/uploads\/2026\/02\/S73fac4c02731416f9711adbab29e837eI-1-1x1.webp 1w, https:\/\/ideapresentation.shop\/wp-content\/uploads\/2026\/02\/S73fac4c02731416f9711adbab29e837eI-1-8x10.webp 8w\" sizes=\"auto, (max-width: 1200px) 100vw, 1200px\" \/>\t\t\t\t\t\t\t\t\t\t\t\t\t\t\t<\/div>\n\t\t\t\t<\/div>\n\t\t\t\t<div class=\"elementor-element elementor-element-2d4bf797 elementor-widget elementor-widget-image\" data-id=\"2d4bf797\" data-element_type=\"widget\" data-settings=\"{&quot;ekit_we_effect_on&quot;:&quot;none&quot;}\" data-widget_type=\"image.default\">\n\t\t\t\t<div class=\"elementor-widget-container\">\n\t\t\t\t\t\t\t\t\t\t\t\t\t\t\t<img loading=\"lazy\" decoding=\"async\" width=\"1200\" height=\"1500\" src=\"https:\/\/ideapresentation.shop\/wp-content\/uploads\/2026\/02\/S33d39c3d8f8e4c0581802288aa24c2d91-1.webp\" class=\"attachment-full size-full wp-image-13338 wvs-archive-product-image\" alt=\"\" srcset=\"https:\/\/ideapresentation.shop\/wp-content\/uploads\/2026\/02\/S33d39c3d8f8e4c0581802288aa24c2d91-1.webp 1200w, https:\/\/ideapresentation.shop\/wp-content\/uploads\/2026\/02\/S33d39c3d8f8e4c0581802288aa24c2d91-1-240x300.webp 240w, https:\/\/ideapresentation.shop\/wp-content\/uploads\/2026\/02\/S33d39c3d8f8e4c0581802288aa24c2d91-1-819x1024.webp 819w, https:\/\/ideapresentation.shop\/wp-content\/uploads\/2026\/02\/S33d39c3d8f8e4c0581802288aa24c2d91-1-768x960.webp 768w, https:\/\/ideapresentation.shop\/wp-content\/uploads\/2026\/02\/S33d39c3d8f8e4c0581802288aa24c2d91-1-10x12.webp 10w, https:\/\/ideapresentation.shop\/wp-content\/uploads\/2026\/02\/S33d39c3d8f8e4c0581802288aa24c2d91-1-600x750.webp 600w, https:\/\/ideapresentation.shop\/wp-content\/uploads\/2026\/02\/S33d39c3d8f8e4c0581802288aa24c2d91-1-1x1.webp 1w, https:\/\/ideapresentation.shop\/wp-content\/uploads\/2026\/02\/S33d39c3d8f8e4c0581802288aa24c2d91-1-8x10.webp 8w\" sizes=\"auto, (max-width: 1200px) 100vw, 1200px\" \/>\t\t\t\t\t\t\t\t\t\t\t\t\t\t\t<\/div>\n\t\t\t\t<\/div>\n\t\t\t\t<div class=\"elementor-element elementor-element-237f344 elementor-widget elementor-widget-image\" data-id=\"237f344\" data-element_type=\"widget\" data-settings=\"{&quot;ekit_we_effect_on&quot;:&quot;none&quot;}\" data-widget_type=\"image.default\">\n\t\t\t\t<div class=\"elementor-widget-container\">\n\t\t\t\t\t\t\t\t\t\t\t\t\t\t\t<img loading=\"lazy\" decoding=\"async\" width=\"1200\" height=\"1200\" src=\"https:\/\/ideapresentation.shop\/wp-content\/uploads\/2026\/02\/S8d751841575844ee84b8713fa7c1c3deE-1.webp\" class=\"attachment-full size-full wp-image-13339 wvs-archive-product-image\" alt=\"\" srcset=\"https:\/\/ideapresentation.shop\/wp-content\/uploads\/2026\/02\/S8d751841575844ee84b8713fa7c1c3deE-1.webp 1200w, https:\/\/ideapresentation.shop\/wp-content\/uploads\/2026\/02\/S8d751841575844ee84b8713fa7c1c3deE-1-300x300.webp 300w, https:\/\/ideapresentation.shop\/wp-content\/uploads\/2026\/02\/S8d751841575844ee84b8713fa7c1c3deE-1-1024x1024.webp 1024w, https:\/\/ideapresentation.shop\/wp-content\/uploads\/2026\/02\/S8d751841575844ee84b8713fa7c1c3deE-1-150x150.webp 150w, https:\/\/ideapresentation.shop\/wp-content\/uploads\/2026\/02\/S8d751841575844ee84b8713fa7c1c3deE-1-768x768.webp 768w, https:\/\/ideapresentation.shop\/wp-content\/uploads\/2026\/02\/S8d751841575844ee84b8713fa7c1c3deE-1-12x12.webp 12w, https:\/\/ideapresentation.shop\/wp-content\/uploads\/2026\/02\/S8d751841575844ee84b8713fa7c1c3deE-1-600x600.webp 600w, https:\/\/ideapresentation.shop\/wp-content\/uploads\/2026\/02\/S8d751841575844ee84b8713fa7c1c3deE-1-100x100.webp 100w, https:\/\/ideapresentation.shop\/wp-content\/uploads\/2026\/02\/S8d751841575844ee84b8713fa7c1c3deE-1-50x50.webp 50w, https:\/\/ideapresentation.shop\/wp-content\/uploads\/2026\/02\/S8d751841575844ee84b8713fa7c1c3deE-1-1x1.webp 1w, https:\/\/ideapresentation.shop\/wp-content\/uploads\/2026\/02\/S8d751841575844ee84b8713fa7c1c3deE-1-10x10.webp 10w\" sizes=\"auto, (max-width: 1200px) 100vw, 1200px\" \/>\t\t\t\t\t\t\t\t\t\t\t\t\t\t\t<\/div>\n\t\t\t\t<\/div>\n\t\t\t\t<div class=\"elementor-element elementor-element-4bb4978c elementor-widget elementor-widget-image\" data-id=\"4bb4978c\" data-element_type=\"widget\" data-settings=\"{&quot;ekit_we_effect_on&quot;:&quot;none&quot;}\" data-widget_type=\"image.default\">\n\t\t\t\t<div class=\"elementor-widget-container\">\n\t\t\t\t\t\t\t\t\t\t\t\t\t\t\t<img loading=\"lazy\" decoding=\"async\" width=\"1200\" height=\"1500\" src=\"https:\/\/ideapresentation.shop\/wp-content\/uploads\/2026\/02\/S0e7db0f010b7416c8a3c910f65d170c0h-1.webp\" class=\"attachment-full size-full wp-image-13340 wvs-archive-product-image\" alt=\"\" srcset=\"https:\/\/ideapresentation.shop\/wp-content\/uploads\/2026\/02\/S0e7db0f010b7416c8a3c910f65d170c0h-1.webp 1200w, https:\/\/ideapresentation.shop\/wp-content\/uploads\/2026\/02\/S0e7db0f010b7416c8a3c910f65d170c0h-1-240x300.webp 240w, https:\/\/ideapresentation.shop\/wp-content\/uploads\/2026\/02\/S0e7db0f010b7416c8a3c910f65d170c0h-1-819x1024.webp 819w, https:\/\/ideapresentation.shop\/wp-content\/uploads\/2026\/02\/S0e7db0f010b7416c8a3c910f65d170c0h-1-768x960.webp 768w, https:\/\/ideapresentation.shop\/wp-content\/uploads\/2026\/02\/S0e7db0f010b7416c8a3c910f65d170c0h-1-10x12.webp 10w, https:\/\/ideapresentation.shop\/wp-content\/uploads\/2026\/02\/S0e7db0f010b7416c8a3c910f65d170c0h-1-600x750.webp 600w, https:\/\/ideapresentation.shop\/wp-content\/uploads\/2026\/02\/S0e7db0f010b7416c8a3c910f65d170c0h-1-1x1.webp 1w, https:\/\/ideapresentation.shop\/wp-content\/uploads\/2026\/02\/S0e7db0f010b7416c8a3c910f65d170c0h-1-8x10.webp 8w\" sizes=\"auto, (max-width: 1200px) 100vw, 1200px\" \/>\t\t\t\t\t\t\t\t\t\t\t\t\t\t\t<\/div>\n\t\t\t\t<\/div>\n\t\t\t\t\t<\/div>\n\t\t\t\t<\/div>\n\t\t<div class=\"elementor-element elementor-element-40135d66 e-flex e-con-boxed e-con e-parent\" data-id=\"40135d66\" data-element_type=\"container\" data-settings=\"{&quot;ekit_has_onepagescroll_dot&quot;:&quot;yes&quot;}\">\n\t\t\t\t\t<div class=\"e-con-inner\">\n\t\t\t\t<div class=\"elementor-element elementor-element-116179 elementor-widget elementor-widget-text-editor\" data-id=\"116179\" data-element_type=\"widget\" data-settings=\"{&quot;ekit_we_effect_on&quot;:&quot;none&quot;}\" data-widget_type=\"text-editor.default\">\n\t\t\t\t<div class=\"elementor-widget-container\">\n\t\t\t\t\t\t\t\t\t<!DOCTYPE html>\n<html>\n<head>\n    <style>\n        .spec-table {\n            width: 100%;\n            border-collapse: collapse;\n            font-family: Arial, sans-serif;\n        }\n        .spec-table tr {\n            border-bottom: 1px solid #000;\n        }\n        .spec-table td {\n            padding: 10px 0;\n            text-align: left;\n        }\n        .spec-table td:first-child {\n            font-weight: bold;\n            width: 50%;\n        }\n        .value-highlight {\n            font-weight: bold;\n            color: #333;\n        }\n        .none-value {\n            color: #666;\n            font-style: italic;\n        }\n        .range-value {\n            color: #0066cc;\n            font-weight: bold;\n        }\n    <\/style>\n<\/head>\n<body>\n    <table class=\"spec-table\">\n        <tr>\n            <td>Especificaciones<\/td>\n            <td><\/td>\n        <\/tr>\n        <tr>\n            <td>Sustancias qu\u00edmicas muy preocupantes<\/td>\n            <td class=\"none-value\">Ninguno<\/td>\n        <\/tr>\n        <tr>\n            <td>Corriente de pico<\/td>\n            <td class=\"value-highlight\">400 A<\/td>\n        <\/tr>\n        <tr>\n            <td>Tasa de conversi\u00f3n<\/td>\n            <td class=\"value-highlight\">60% ~ 70%<\/td>\n        <\/tr>\n        <tr>\n            <td>Capacidad de la bater\u00eda (mAh)<\/td>\n            <td class=\"range-value\">2000 - 3000<\/td>\n        <\/tr>\n        <tr>\n            <td>Certificaci\u00f3n de pruebas externas<\/td>\n            <td class=\"none-value\">Ninguno<\/td>\n        <\/tr>\n        <tr>\n            <td>N\u00famero de pilas incorporadas<\/td>\n            <td class=\"value-highlight\">2<\/td>\n        <\/tr>\n    <\/table>\n<\/body>\n<\/html>\t\t\t\t\t\t\t\t<\/div>\n\t\t\t\t<\/div>\n\t\t\t\t\t<\/div>\n\t\t\t\t<\/div>\n\t\t\t\t<\/div>","protected":false},"excerpt":{"rendered":"<p>Specifications High-concerned chemical None Peak Current 400 A Conversion Rate 60% ~ 70% Battery Capacity(mAh) 2000 &#8211; 3000 External Testing&#8230;<\/p>","protected":false},"featured_media":13329,"comment_status":"open","ping_status":"closed","template":"","meta":{"_acf_changed":false},"etheme_brands":[],"product_brand":[],"product_cat":[118],"product_tag":[],"class_list":{"0":"post-13328","1":"product","2":"type-product","3":"status-publish","4":"has-post-thumbnail","6":"product_cat-sale-shop","8":"first","9":"instock","10":"sale","11":"shipping-taxable","12":"purchasable","13":"product-type-simple"},"acf":[],"_links":{"self":[{"href":"https:\/\/ideapresentation.shop\/es\/wp-json\/wp\/v2\/product\/13328","targetHints":{"allow":["GET"]}}],"collection":[{"href":"https:\/\/ideapresentation.shop\/es\/wp-json\/wp\/v2\/product"}],"about":[{"href":"https:\/\/ideapresentation.shop\/es\/wp-json\/wp\/v2\/types\/product"}],"replies":[{"embeddable":true,"href":"https:\/\/ideapresentation.shop\/es\/wp-json\/wp\/v2\/comments?post=13328"}],"version-history":[{"count":4,"href":"https:\/\/ideapresentation.shop\/es\/wp-json\/wp\/v2\/product\/13328\/revisions"}],"predecessor-version":[{"id":13348,"href":"https:\/\/ideapresentation.shop\/es\/wp-json\/wp\/v2\/product\/13328\/revisions\/13348"}],"wp:featuredmedia":[{"embeddable":true,"href":"https:\/\/ideapresentation.shop\/es\/wp-json\/wp\/v2\/media\/13329"}],"wp:attachment":[{"href":"https:\/\/ideapresentation.shop\/es\/wp-json\/wp\/v2\/media?parent=13328"}],"wp:term":[{"taxonomy":"brand","embeddable":true,"href":"https:\/\/ideapresentation.shop\/es\/wp-json\/wp\/v2\/etheme_brands?post=13328"},{"taxonomy":"product_brand","embeddable":true,"href":"https:\/\/ideapresentation.shop\/es\/wp-json\/wp\/v2\/product_brand?post=13328"},{"taxonomy":"product_cat","embeddable":true,"href":"https:\/\/ideapresentation.shop\/es\/wp-json\/wp\/v2\/product_cat?post=13328"},{"taxonomy":"product_tag","embeddable":true,"href":"https:\/\/ideapresentation.shop\/es\/wp-json\/wp\/v2\/product_tag?post=13328"}],"curies":[{"name":"wp","href":"https:\/\/api.w.org\/{rel}","templated":true}]}}