{"id":13304,"date":"2026-02-05T03:11:35","date_gmt":"2026-02-05T03:11:35","guid":{"rendered":"https:\/\/ideapresentation.shop\/?post_type=product&#038;p=13304"},"modified":"2026-02-05T11:35:28","modified_gmt":"2026-02-05T11:35:28","slug":"kawa-ziarnista-ieszana-lavazza-crema-e-aroma-5x1kg","status":"publish","type":"product","link":"https:\/\/ideapresentation.shop\/es\/producto\/kawa-ziarnista-ieszana-lavazza-crema-e-aroma-5x1kg\/","title":{"rendered":"Kawa ziarnista ieszana Lavazza Crema e Aroma 5x1kg"},"content":{"rendered":"<div data-elementor-type=\"product-post\" data-elementor-id=\"13304\" class=\"elementor elementor-13304\" data-elementor-post-type=\"product\">\n\t\t\t\t<div class=\"elementor-element elementor-element-ff68d4c e-flex e-con-boxed e-con e-parent\" data-id=\"ff68d4c\" data-element_type=\"container\" data-settings=\"{&quot;ekit_has_onepagescroll_dot&quot;:&quot;yes&quot;}\">\n\t\t\t\t\t<div class=\"e-con-inner\">\n\t\t\t\t<div class=\"elementor-element elementor-element-55a2d7fc elementor-widget elementor-widget-image\" data-id=\"55a2d7fc\" data-element_type=\"widget\" data-settings=\"{&quot;ekit_we_effect_on&quot;:&quot;none&quot;}\" data-widget_type=\"image.default\">\n\t\t\t\t<div class=\"elementor-widget-container\">\n\t\t\t\t\t\t\t\t\t\t\t\t\t\t\t<img loading=\"lazy\" decoding=\"async\" width=\"970\" height=\"300\" src=\"https:\/\/ideapresentation.shop\/wp-content\/uploads\/2026\/02\/82b22863-0c7c-4b7a-84d3-64d04e2c2217.__CR00970300_PT0_SX970_V1___.jpg\" class=\"attachment-full size-full wp-image-13313 wvs-archive-product-image\" alt=\"\" srcset=\"https:\/\/ideapresentation.shop\/wp-content\/uploads\/2026\/02\/82b22863-0c7c-4b7a-84d3-64d04e2c2217.__CR00970300_PT0_SX970_V1___.jpg 970w, https:\/\/ideapresentation.shop\/wp-content\/uploads\/2026\/02\/82b22863-0c7c-4b7a-84d3-64d04e2c2217.__CR00970300_PT0_SX970_V1___-300x93.jpg 300w, https:\/\/ideapresentation.shop\/wp-content\/uploads\/2026\/02\/82b22863-0c7c-4b7a-84d3-64d04e2c2217.__CR00970300_PT0_SX970_V1___-768x238.jpg 768w, https:\/\/ideapresentation.shop\/wp-content\/uploads\/2026\/02\/82b22863-0c7c-4b7a-84d3-64d04e2c2217.__CR00970300_PT0_SX970_V1___-18x6.jpg 18w, https:\/\/ideapresentation.shop\/wp-content\/uploads\/2026\/02\/82b22863-0c7c-4b7a-84d3-64d04e2c2217.__CR00970300_PT0_SX970_V1___-600x186.jpg 600w, https:\/\/ideapresentation.shop\/wp-content\/uploads\/2026\/02\/82b22863-0c7c-4b7a-84d3-64d04e2c2217.__CR00970300_PT0_SX970_V1___-1x1.jpg 1w, https:\/\/ideapresentation.shop\/wp-content\/uploads\/2026\/02\/82b22863-0c7c-4b7a-84d3-64d04e2c2217.__CR00970300_PT0_SX970_V1___-10x3.jpg 10w\" sizes=\"auto, (max-width: 970px) 100vw, 970px\" \/>\t\t\t\t\t\t\t\t\t\t\t\t\t\t\t<\/div>\n\t\t\t\t<\/div>\n\t\t\t\t<div class=\"elementor-element elementor-element-6f115c99 elementor-widget elementor-widget-image\" data-id=\"6f115c99\" data-element_type=\"widget\" data-settings=\"{&quot;ekit_we_effect_on&quot;:&quot;none&quot;}\" data-widget_type=\"image.default\">\n\t\t\t\t<div class=\"elementor-widget-container\">\n\t\t\t\t\t\t\t\t\t\t\t\t\t\t\t<img loading=\"lazy\" decoding=\"async\" width=\"970\" height=\"600\" src=\"https:\/\/ideapresentation.shop\/wp-content\/uploads\/2026\/02\/624458df-8b22-404f-bb17-2eed32466b56.__CR00970600_PT0_SX970_V1___.jpg\" class=\"attachment-full size-full wp-image-13314 wvs-archive-product-image\" alt=\"\" srcset=\"https:\/\/ideapresentation.shop\/wp-content\/uploads\/2026\/02\/624458df-8b22-404f-bb17-2eed32466b56.__CR00970600_PT0_SX970_V1___.jpg 970w, https:\/\/ideapresentation.shop\/wp-content\/uploads\/2026\/02\/624458df-8b22-404f-bb17-2eed32466b56.__CR00970600_PT0_SX970_V1___-300x186.jpg 300w, https:\/\/ideapresentation.shop\/wp-content\/uploads\/2026\/02\/624458df-8b22-404f-bb17-2eed32466b56.__CR00970600_PT0_SX970_V1___-768x475.jpg 768w, https:\/\/ideapresentation.shop\/wp-content\/uploads\/2026\/02\/624458df-8b22-404f-bb17-2eed32466b56.__CR00970600_PT0_SX970_V1___-18x12.jpg 18w, https:\/\/ideapresentation.shop\/wp-content\/uploads\/2026\/02\/624458df-8b22-404f-bb17-2eed32466b56.__CR00970600_PT0_SX970_V1___-600x371.jpg 600w, https:\/\/ideapresentation.shop\/wp-content\/uploads\/2026\/02\/624458df-8b22-404f-bb17-2eed32466b56.__CR00970600_PT0_SX970_V1___-1x1.jpg 1w, https:\/\/ideapresentation.shop\/wp-content\/uploads\/2026\/02\/624458df-8b22-404f-bb17-2eed32466b56.__CR00970600_PT0_SX970_V1___-10x6.jpg 10w\" sizes=\"auto, (max-width: 970px) 100vw, 970px\" \/>\t\t\t\t\t\t\t\t\t\t\t\t\t\t\t<\/div>\n\t\t\t\t<\/div>\n\t\t\t\t<div class=\"elementor-element elementor-element-4f8e2175 elementor-widget elementor-widget-image\" data-id=\"4f8e2175\" data-element_type=\"widget\" data-settings=\"{&quot;ekit_we_effect_on&quot;:&quot;none&quot;}\" data-widget_type=\"image.default\">\n\t\t\t\t<div class=\"elementor-widget-container\">\n\t\t\t\t\t\t\t\t\t\t\t\t\t\t\t<img loading=\"lazy\" decoding=\"async\" width=\"970\" height=\"300\" src=\"https:\/\/ideapresentation.shop\/wp-content\/uploads\/2026\/02\/7636eb16-6b81-4b74-9239-9d185c8bb5dd.__CR00970300_PT0_SX970_V1___.jpg\" class=\"attachment-full size-full wp-image-13315 wvs-archive-product-image\" alt=\"\" srcset=\"https:\/\/ideapresentation.shop\/wp-content\/uploads\/2026\/02\/7636eb16-6b81-4b74-9239-9d185c8bb5dd.__CR00970300_PT0_SX970_V1___.jpg 970w, https:\/\/ideapresentation.shop\/wp-content\/uploads\/2026\/02\/7636eb16-6b81-4b74-9239-9d185c8bb5dd.__CR00970300_PT0_SX970_V1___-300x93.jpg 300w, https:\/\/ideapresentation.shop\/wp-content\/uploads\/2026\/02\/7636eb16-6b81-4b74-9239-9d185c8bb5dd.__CR00970300_PT0_SX970_V1___-768x238.jpg 768w, https:\/\/ideapresentation.shop\/wp-content\/uploads\/2026\/02\/7636eb16-6b81-4b74-9239-9d185c8bb5dd.__CR00970300_PT0_SX970_V1___-18x6.jpg 18w, https:\/\/ideapresentation.shop\/wp-content\/uploads\/2026\/02\/7636eb16-6b81-4b74-9239-9d185c8bb5dd.__CR00970300_PT0_SX970_V1___-600x186.jpg 600w, https:\/\/ideapresentation.shop\/wp-content\/uploads\/2026\/02\/7636eb16-6b81-4b74-9239-9d185c8bb5dd.__CR00970300_PT0_SX970_V1___-1x1.jpg 1w, https:\/\/ideapresentation.shop\/wp-content\/uploads\/2026\/02\/7636eb16-6b81-4b74-9239-9d185c8bb5dd.__CR00970300_PT0_SX970_V1___-10x3.jpg 10w\" sizes=\"auto, (max-width: 970px) 100vw, 970px\" \/>\t\t\t\t\t\t\t\t\t\t\t\t\t\t\t<\/div>\n\t\t\t\t<\/div>\n\t\t<div class=\"elementor-element elementor-element-144e071c e-grid e-con-full e-con e-child\" data-id=\"144e071c\" data-element_type=\"container\" data-settings=\"{&quot;ekit_has_onepagescroll_dot&quot;:&quot;yes&quot;}\">\n\t\t\t\t<div class=\"elementor-element elementor-element-2f03093c elementor-widget elementor-widget-image\" data-id=\"2f03093c\" data-element_type=\"widget\" data-settings=\"{&quot;ekit_we_effect_on&quot;:&quot;none&quot;}\" data-widget_type=\"image.default\">\n\t\t\t\t<div class=\"elementor-widget-container\">\n\t\t\t\t\t\t\t\t\t\t\t\t\t\t\t<img loading=\"lazy\" decoding=\"async\" width=\"395\" height=\"375\" src=\"https:\/\/ideapresentation.shop\/wp-content\/uploads\/2026\/02\/QQ20260205-100659.png\" class=\"attachment-full size-full wp-image-13316 wvs-archive-product-image\" alt=\"\" srcset=\"https:\/\/ideapresentation.shop\/wp-content\/uploads\/2026\/02\/QQ20260205-100659.png 395w, https:\/\/ideapresentation.shop\/wp-content\/uploads\/2026\/02\/QQ20260205-100659-300x285.png 300w, https:\/\/ideapresentation.shop\/wp-content\/uploads\/2026\/02\/QQ20260205-100659-13x12.png 13w, https:\/\/ideapresentation.shop\/wp-content\/uploads\/2026\/02\/QQ20260205-100659-1x1.png 1w, https:\/\/ideapresentation.shop\/wp-content\/uploads\/2026\/02\/QQ20260205-100659-10x10.png 10w\" sizes=\"auto, (max-width: 395px) 100vw, 395px\" \/>\t\t\t\t\t\t\t\t\t\t\t\t\t\t\t<\/div>\n\t\t\t\t<\/div>\n\t\t\t\t<div class=\"elementor-element elementor-element-d19c6a3 elementor-widget elementor-widget-text-editor\" data-id=\"d19c6a3\" data-element_type=\"widget\" data-settings=\"{&quot;ekit_we_effect_on&quot;:&quot;none&quot;}\" data-widget_type=\"text-editor.default\">\n\t\t\t\t<div class=\"elementor-widget-container\">\n\t\t\t\t\t\t\t\t\t<h2 style=\"text-align: center;\"><strong>\u00a1LAVAZZA CREMA E AROMA - \u015aWIE\u017bO\u015a\u0106 I G\u0141\u0118BIA SMAKU GWARANTOWANE !<\/strong><\/h2><h4>Intensywny, na d\u0142ugo pozostaj\u0105cy w pami\u0119ci smak oraz trwa\u0142a i obfita crema - to dwie najwi\u0119ksze zalety kawy\u00a0<strong>Lavazza Crema e Aroma<\/strong>. Mieszank\u0119 t\u0105 polecamy dla mi\u0142o\u015bnik\u00f3w espresso o du\u017cej zawarto\u015bci kofeiny, dobrego latte i cappuccino.<\/h4><h4><strong>Kawa Lavazza Crema e Aroma\u00a0<\/strong>idealnie komponuje si\u0119 z mlekiem i innymi dodatkami, tworz\u0105c przy tym niepowtarzaln\u0105 rozmaito\u015b\u0107 smak\u00f3w.<\/h4>\t\t\t\t\t\t\t\t<\/div>\n\t\t\t\t<\/div>\n\t\t\t\t<\/div>\n\t\t\t\t<div class=\"elementor-element elementor-element-2b64d25 elementor-widget elementor-widget-text-editor\" data-id=\"2b64d25\" data-element_type=\"widget\" data-settings=\"{&quot;ekit_we_effect_on&quot;:&quot;none&quot;}\" data-widget_type=\"text-editor.default\">\n\t\t\t\t<div class=\"elementor-widget-container\">\n\t\t\t\t\t\t\t\t\t<h2 style=\"text-align: center;\">Pr\u00f3bowa\u0142e\u015b ju\u017c tej wyj\u0105tkowej mieszanki ? Koniecznie spr\u00f3buj i przekonaj si\u0119, jak smakuje oryginalna w\u0142oska Lavazza. \u00a1Polecamy!<\/h2>\t\t\t\t\t\t\t\t<\/div>\n\t\t\t\t<\/div>\n\t\t<div class=\"elementor-element elementor-element-1b6837a8 e-grid e-con-full e-con e-child\" data-id=\"1b6837a8\" data-element_type=\"container\" data-settings=\"{&quot;ekit_has_onepagescroll_dot&quot;:&quot;yes&quot;}\">\n\t\t\t\t<div class=\"elementor-element elementor-element-799df55 elementor-widget elementor-widget-text-editor\" data-id=\"799df55\" data-element_type=\"widget\" data-settings=\"{&quot;ekit_we_effect_on&quot;:&quot;none&quot;}\" data-widget_type=\"text-editor.default\">\n\t\t\t\t<div class=\"elementor-widget-container\">\n\t\t\t\t\t\t\t\t\t<div class=\"method method-4 ico-r\"><h4 style=\"text-align: center;\"><b>EKSPRES AUTOMATYCZNY<\/b>Aromatyczna kawa, kt\u00f3ra doskonale sprawdzi si\u0119 do parzenia w ekspresie automatycznym.<\/h4><\/div><div class=\"method method-5 ico-r\" style=\"text-align: center;\"><i class=\"ico\"><\/i><p>\u00a0<\/p><h4><b>EKSPRES KOLBOWY<\/b>Jest to kawa, kt\u00f3ra zdumiewaj\u0105co dobrze sprawdzi si\u0119 po przygotowaniu w ekspresie kolbowym.<\/h4><\/div><div class=\"method method-6 ico-r\"><i class=\"ico\"><\/i><p>\u00a0<\/p><h4 style=\"text-align: center;\"><b>EKSPRES PRZELEWOWY<\/b>Zaparz j\u0105 w ekspresie przelewowym, a przekonasz si\u0119, jak \u015bwietna kawa potrafi pobudzi\u0107 zmys\u0142y.<\/h4><\/div>\t\t\t\t\t\t\t\t<\/div>\n\t\t\t\t<\/div>\n\t\t\t\t<div class=\"elementor-element elementor-element-109b88ca elementor-widget elementor-widget-image\" data-id=\"109b88ca\" data-element_type=\"widget\" data-settings=\"{&quot;ekit_we_effect_on&quot;:&quot;none&quot;}\" data-widget_type=\"image.default\">\n\t\t\t\t<div class=\"elementor-widget-container\">\n\t\t\t\t\t\t\t\t\t\t\t\t\t\t\t<img loading=\"lazy\" decoding=\"async\" width=\"540\" height=\"600\" src=\"https:\/\/ideapresentation.shop\/wp-content\/uploads\/2026\/02\/pol_pm_Kawa-ziarnista-Lavazza-Crema-e-Aroma-1kg-15_4.jpg\" class=\"attachment-large size-large wp-image-13317 wvs-archive-product-image\" alt=\"\" srcset=\"https:\/\/ideapresentation.shop\/wp-content\/uploads\/2026\/02\/pol_pm_Kawa-ziarnista-Lavazza-Crema-e-Aroma-1kg-15_4.jpg 540w, https:\/\/ideapresentation.shop\/wp-content\/uploads\/2026\/02\/pol_pm_Kawa-ziarnista-Lavazza-Crema-e-Aroma-1kg-15_4-270x300.jpg 270w, https:\/\/ideapresentation.shop\/wp-content\/uploads\/2026\/02\/pol_pm_Kawa-ziarnista-Lavazza-Crema-e-Aroma-1kg-15_4-11x12.jpg 11w, https:\/\/ideapresentation.shop\/wp-content\/uploads\/2026\/02\/pol_pm_Kawa-ziarnista-Lavazza-Crema-e-Aroma-1kg-15_4-1x1.jpg 1w, https:\/\/ideapresentation.shop\/wp-content\/uploads\/2026\/02\/pol_pm_Kawa-ziarnista-Lavazza-Crema-e-Aroma-1kg-15_4-10x10.jpg 10w\" sizes=\"auto, (max-width: 540px) 100vw, 540px\" \/>\t\t\t\t\t\t\t\t\t\t\t\t\t\t\t<\/div>\n\t\t\t\t<\/div>\n\t\t\t\t<div class=\"elementor-element elementor-element-23b7b2be elementor-widget elementor-widget-text-editor\" data-id=\"23b7b2be\" data-element_type=\"widget\" data-settings=\"{&quot;ekit_we_effect_on&quot;:&quot;none&quot;}\" data-widget_type=\"text-editor.default\">\n\t\t\t\t<div class=\"elementor-widget-container\">\n\t\t\t\t\t\t\t\t\t<div class=\"method method-7\"><h4 style=\"text-align: center;\"><b>PRENSA FRANCESA<\/b>Je\u017celi jeste\u015b mi\u0142o\u015bnikiem praski francuskiej, to ta kawa z pewno\u015bci\u0105 spe\u0142ni Twoje oczekiwania.<\/h4><\/div><p>\u00a0<\/p><p><b>KAWIARKA<\/b>Kawa przygotowana we w\u0142oskim czajniczku Moka daje osza\u0142amiaj\u0105cy efekt, kt\u00f3ry na d\u0142ugo zapada w pami\u0119ci.<\/p><div class=\"method method-1\"><h4>\u00a0<\/h4><h4>\u00a0<\/h4><h4 style=\"text-align: center;\"><b>SPOS\u00d3B TRADYCYJNY<\/b>Parzysz w domu kaw\u0119 metod\u0105 tradycyjn\u0105? \u015awietny wyb\u00f3r. Ta kawa z pewno\u015bci\u0105 Ci\u0119 nie zawiedzie.<\/h4><\/div>\t\t\t\t\t\t\t\t<\/div>\n\t\t\t\t<\/div>\n\t\t\t\t<\/div>\n\t\t\t\t<div class=\"elementor-element elementor-element-64a87611 elementor-widget elementor-widget-image\" data-id=\"64a87611\" data-element_type=\"widget\" data-settings=\"{&quot;ekit_we_effect_on&quot;:&quot;none&quot;}\" data-widget_type=\"image.default\">\n\t\t\t\t<div class=\"elementor-widget-container\">\n\t\t\t\t\t\t\t\t\t\t\t\t\t\t\t<img loading=\"lazy\" decoding=\"async\" width=\"1200\" height=\"504\" src=\"https:\/\/ideapresentation.shop\/wp-content\/uploads\/2026\/02\/lavazza-fil2.jpg\" class=\"attachment-full size-full wp-image-13318 wvs-archive-product-image\" alt=\"\" srcset=\"https:\/\/ideapresentation.shop\/wp-content\/uploads\/2026\/02\/lavazza-fil2.jpg 1200w, https:\/\/ideapresentation.shop\/wp-content\/uploads\/2026\/02\/lavazza-fil2-300x126.jpg 300w, https:\/\/ideapresentation.shop\/wp-content\/uploads\/2026\/02\/lavazza-fil2-1024x430.jpg 1024w, https:\/\/ideapresentation.shop\/wp-content\/uploads\/2026\/02\/lavazza-fil2-768x323.jpg 768w, https:\/\/ideapresentation.shop\/wp-content\/uploads\/2026\/02\/lavazza-fil2-18x8.jpg 18w, https:\/\/ideapresentation.shop\/wp-content\/uploads\/2026\/02\/lavazza-fil2-600x252.jpg 600w, https:\/\/ideapresentation.shop\/wp-content\/uploads\/2026\/02\/lavazza-fil2-1x1.jpg 1w, https:\/\/ideapresentation.shop\/wp-content\/uploads\/2026\/02\/lavazza-fil2-10x4.jpg 10w\" sizes=\"auto, (max-width: 1200px) 100vw, 1200px\" \/>\t\t\t\t\t\t\t\t\t\t\t\t\t\t\t<\/div>\n\t\t\t\t<\/div>\n\t\t\t\t<div class=\"elementor-element elementor-element-1dd548dd elementor-widget elementor-widget-text-editor\" data-id=\"1dd548dd\" data-element_type=\"widget\" data-settings=\"{&quot;ekit_we_effect_on&quot;:&quot;none&quot;}\" data-widget_type=\"text-editor.default\">\n\t\t\t\t<div class=\"elementor-widget-container\">\n\t\t\t\t\t\t\t\t\t<!DOCTYPE html>\n<html>\n<head>\n    <style>\n        .spec-table {\n            width: 100%;\n            border-collapse: collapse;\n            font-family: Arial, sans-serif;\n        }\n        .spec-table tr {\n            border-bottom: 1px solid #ccc;\n        }\n        .spec-table td {\n            padding: 12px 0;\n            text-align: left;\n            vertical-align: top;\n        }\n        .spec-table td:first-child {\n            font-weight: bold;\n            width: 35%;\n            color: #333;\n        }\n        .feature {\n            font-weight: normal;\n            color: #333;\n            line-height: 1.5;\n        }\n        .highlight {\n            font-weight: bold;\n            color: #8B4513;\n        }\n        .note {\n            font-style: italic;\n            color: #666;\n            margin-top: 5px;\n            font-size: 0.9em;\n        }\n    <\/style>\n<\/head>\n<body>\n    <table class=\"spec-table\">\n        <tr>\n            <td>CREMA E AROMA<\/td>\n            <td class=\"feature\">A <span class=\"highlight\">2.2 lb<\/span> bolsa de caf\u00e9 en grano ideal para <span class=\"highlight\">espresso<\/span> preparaci\u00f3n (paquete de 1).<\/td>\n        <\/tr>\n        <tr>\n            <td>INTENSIDAD Y TOSTADO<\/td>\n            <td class=\"feature\">Con un <span class=\"highlight\">Intensidad 8\/10<\/span>, Este <span class=\"highlight\">tostado medio cremoso<\/span> ofrece un final arom\u00e1tico.<\/td>\n        <\/tr>\n        <tr>\n            <td>MEZCLA<\/td>\n            <td class=\"feature\">Hecho de <span class=\"highlight\">Ar\u00e1bica<\/span> y <span class=\"highlight\">Robusta<\/span> esta mezcla naturalmente cafeinada procede de <span class=\"highlight\">Am\u00e9rica del Sur, \u00c1frica y Asia<\/span>.<\/td>\n        <\/tr>\n        <tr>\n            <td>NOTAS AROM\u00c1TICAS<\/td>\n            <td class=\"feature\"><span class=\"highlight\">Chocolate<\/span>.<\/td>\n        <\/tr>\n        <tr>\n            <td>PREPARACI\u00d3N<\/td>\n            <td class=\"feature\">Ideal para <span class=\"highlight\">cafeteras espresso<\/span>.<\/td>\n        <\/tr>\n        <tr>\n            <td>INGREDIENTES<\/td>\n            <td class=\"feature\">Lavazza Crema e Aroma s\u00f3lo contiene <span class=\"highlight\">caf\u00e9<\/span> y se produce en instalaciones que elaboran exclusivamente caf\u00e9.<\/td>\n        <\/tr>\n    <\/table>\n<\/body>\n<\/html>\t\t\t\t\t\t\t\t<\/div>\n\t\t\t\t<\/div>\n\t\t\t\t\t<\/div>\n\t\t\t\t<\/div>\n\t\t\t\t<\/div>","protected":false},"excerpt":{"rendered":"<p>LAVAZZA CREMA E AROMA &#8211; \u015aWIE\u017bO\u015a\u0106 I G\u0141\u0118BIA SMAKU GWARANTOWANE ! Intensywny, na d\u0142ugo pozostaj\u0105cy w pami\u0119ci smak oraz trwa\u0142a&#8230;<\/p>","protected":false},"featured_media":13305,"comment_status":"open","ping_status":"closed","template":"","meta":{"_acf_changed":false},"etheme_brands":[],"product_brand":[],"product_cat":[118],"product_tag":[],"class_list":{"0":"post-13304","1":"product","2":"type-product","3":"status-publish","4":"has-post-thumbnail","6":"product_cat-sale-shop","8":"first","9":"instock","10":"sale","11":"shipping-taxable","12":"purchasable","13":"product-type-simple"},"acf":[],"_links":{"self":[{"href":"https:\/\/ideapresentation.shop\/es\/wp-json\/wp\/v2\/product\/13304","targetHints":{"allow":["GET"]}}],"collection":[{"href":"https:\/\/ideapresentation.shop\/es\/wp-json\/wp\/v2\/product"}],"about":[{"href":"https:\/\/ideapresentation.shop\/es\/wp-json\/wp\/v2\/types\/product"}],"replies":[{"embeddable":true,"href":"https:\/\/ideapresentation.shop\/es\/wp-json\/wp\/v2\/comments?post=13304"}],"version-history":[{"count":4,"href":"https:\/\/ideapresentation.shop\/es\/wp-json\/wp\/v2\/product\/13304\/revisions"}],"predecessor-version":[{"id":13326,"href":"https:\/\/ideapresentation.shop\/es\/wp-json\/wp\/v2\/product\/13304\/revisions\/13326"}],"wp:featuredmedia":[{"embeddable":true,"href":"https:\/\/ideapresentation.shop\/es\/wp-json\/wp\/v2\/media\/13305"}],"wp:attachment":[{"href":"https:\/\/ideapresentation.shop\/es\/wp-json\/wp\/v2\/media?parent=13304"}],"wp:term":[{"taxonomy":"brand","embeddable":true,"href":"https:\/\/ideapresentation.shop\/es\/wp-json\/wp\/v2\/etheme_brands?post=13304"},{"taxonomy":"product_brand","embeddable":true,"href":"https:\/\/ideapresentation.shop\/es\/wp-json\/wp\/v2\/product_brand?post=13304"},{"taxonomy":"product_cat","embeddable":true,"href":"https:\/\/ideapresentation.shop\/es\/wp-json\/wp\/v2\/product_cat?post=13304"},{"taxonomy":"product_tag","embeddable":true,"href":"https:\/\/ideapresentation.shop\/es\/wp-json\/wp\/v2\/product_tag?post=13304"}],"curies":[{"name":"wp","href":"https:\/\/api.w.org\/{rel}","templated":true}]}}