{"id":13273,"date":"2026-02-05T02:41:50","date_gmt":"2026-02-05T02:41:50","guid":{"rendered":"https:\/\/ideapresentation.shop\/?post_type=product&#038;p=13273"},"modified":"2026-02-05T02:49:03","modified_gmt":"2026-02-05T02:49:03","slug":"samyang-buldak-ramen-korean-carbonara-stir-fried-carbonara-hot-chicken-flavor-5-packs-4-58-oz-spicy-cheese-chicken-ramen-noodles-food-instant-packaged-pansit%ef%bc%8csamyang-buldak-ramen%ef%bc%8cho","status":"publish","type":"product","link":"https:\/\/ideapresentation.shop\/es\/producto\/samyang-buldak-ramen-korean-carbonara-stir-fried-carbonara-hot-chicken-flavor-5-packs-4-58-oz-spicy-cheese-chicken-ramen-noodles-food-instant-packaged-pansit%ef%bc%8csamyang-buldak-ramen%ef%bc%8cho\/","title":{"rendered":"SAMYANG Buldak Ramen Coreano Carbonara Stir-Fried Carbonara Sabor picante de pollo - 5 Packs* 4.58 oz Spicy Cheese Chicken Ramen Noodles Food Instant Packaged Pansit\uff0cSAMYANG Buldak Ramen\uff0cSabor picante de pollo con queso\uff0cSabor artificial picante de pollo."},"content":{"rendered":"<div data-elementor-type=\"product-post\" data-elementor-id=\"13273\" class=\"elementor elementor-13273\" data-elementor-post-type=\"product\">\n\t\t\t\t<div class=\"elementor-element elementor-element-1db38e5e e-flex e-con-boxed e-con e-parent\" data-id=\"1db38e5e\" data-element_type=\"container\" data-settings=\"{&quot;ekit_has_onepagescroll_dot&quot;:&quot;yes&quot;}\">\n\t\t\t\t\t<div class=\"e-con-inner\">\n\t\t\t\t<div class=\"elementor-element elementor-element-34c8005 elementor-widget elementor-widget-image\" data-id=\"34c8005\" data-element_type=\"widget\" data-settings=\"{&quot;ekit_we_effect_on&quot;:&quot;none&quot;}\" data-widget_type=\"image.default\">\n\t\t\t\t<div class=\"elementor-widget-container\">\n\t\t\t\t\t\t\t\t\t\t\t\t\t\t\t<img loading=\"lazy\" decoding=\"async\" width=\"600\" height=\"180\" src=\"https:\/\/ideapresentation.shop\/wp-content\/uploads\/2026\/02\/0496c4a7-177a-4cf3-b88a-c372af5226ba.__CR00600180_PT0_SX600_V1___.jpg\" class=\"attachment-full size-full wp-image-13287 wvs-archive-product-image\" alt=\"\" srcset=\"https:\/\/ideapresentation.shop\/wp-content\/uploads\/2026\/02\/0496c4a7-177a-4cf3-b88a-c372af5226ba.__CR00600180_PT0_SX600_V1___.jpg 600w, https:\/\/ideapresentation.shop\/wp-content\/uploads\/2026\/02\/0496c4a7-177a-4cf3-b88a-c372af5226ba.__CR00600180_PT0_SX600_V1___-300x90.jpg 300w, https:\/\/ideapresentation.shop\/wp-content\/uploads\/2026\/02\/0496c4a7-177a-4cf3-b88a-c372af5226ba.__CR00600180_PT0_SX600_V1___-18x5.jpg 18w, https:\/\/ideapresentation.shop\/wp-content\/uploads\/2026\/02\/0496c4a7-177a-4cf3-b88a-c372af5226ba.__CR00600180_PT0_SX600_V1___-1x1.jpg 1w, https:\/\/ideapresentation.shop\/wp-content\/uploads\/2026\/02\/0496c4a7-177a-4cf3-b88a-c372af5226ba.__CR00600180_PT0_SX600_V1___-10x3.jpg 10w\" sizes=\"auto, (max-width: 600px) 100vw, 600px\" \/>\t\t\t\t\t\t\t\t\t\t\t\t\t\t\t<\/div>\n\t\t\t\t<\/div>\n\t\t\t\t<div class=\"elementor-element elementor-element-156540a8 elementor-widget elementor-widget-image\" data-id=\"156540a8\" data-element_type=\"widget\" data-settings=\"{&quot;ekit_we_effect_on&quot;:&quot;none&quot;}\" data-widget_type=\"image.default\">\n\t\t\t\t<div class=\"elementor-widget-container\">\n\t\t\t\t\t\t\t\t\t\t\t\t\t\t\t<img loading=\"lazy\" decoding=\"async\" width=\"970\" height=\"600\" src=\"https:\/\/ideapresentation.shop\/wp-content\/uploads\/2026\/02\/b2984baf-cbd1-4703-aaae-825b6bfe749a.__CR00970600_PT0_SX970_V1___.jpg\" class=\"attachment-full size-full wp-image-13288 wvs-archive-product-image\" alt=\"\" srcset=\"https:\/\/ideapresentation.shop\/wp-content\/uploads\/2026\/02\/b2984baf-cbd1-4703-aaae-825b6bfe749a.__CR00970600_PT0_SX970_V1___.jpg 970w, https:\/\/ideapresentation.shop\/wp-content\/uploads\/2026\/02\/b2984baf-cbd1-4703-aaae-825b6bfe749a.__CR00970600_PT0_SX970_V1___-300x186.jpg 300w, https:\/\/ideapresentation.shop\/wp-content\/uploads\/2026\/02\/b2984baf-cbd1-4703-aaae-825b6bfe749a.__CR00970600_PT0_SX970_V1___-768x475.jpg 768w, https:\/\/ideapresentation.shop\/wp-content\/uploads\/2026\/02\/b2984baf-cbd1-4703-aaae-825b6bfe749a.__CR00970600_PT0_SX970_V1___-18x12.jpg 18w, https:\/\/ideapresentation.shop\/wp-content\/uploads\/2026\/02\/b2984baf-cbd1-4703-aaae-825b6bfe749a.__CR00970600_PT0_SX970_V1___-600x371.jpg 600w, https:\/\/ideapresentation.shop\/wp-content\/uploads\/2026\/02\/b2984baf-cbd1-4703-aaae-825b6bfe749a.__CR00970600_PT0_SX970_V1___-1x1.jpg 1w, https:\/\/ideapresentation.shop\/wp-content\/uploads\/2026\/02\/b2984baf-cbd1-4703-aaae-825b6bfe749a.__CR00970600_PT0_SX970_V1___-10x6.jpg 10w\" sizes=\"auto, (max-width: 970px) 100vw, 970px\" \/>\t\t\t\t\t\t\t\t\t\t\t\t\t\t\t<\/div>\n\t\t\t\t<\/div>\n\t\t\t\t<div class=\"elementor-element elementor-element-4bcc177 elementor-widget elementor-widget-text-editor\" data-id=\"4bcc177\" data-element_type=\"widget\" data-settings=\"{&quot;ekit_we_effect_on&quot;:&quot;none&quot;}\" data-widget_type=\"text-editor.default\">\n\t\t\t\t<div class=\"elementor-widget-container\">\n\t\t\t\t\t\t\t\t\t<h2 class=\"a-spacing-mini\" style=\"text-align: center;\">Ramen picante de pollo Samyang Buldak<\/h2><h4 class=\"a-spacing-base\" style=\"text-align: center;\">Samyang Buldak Hot Spicy Chicken Ramen de Corea, el creador de los fideos calientes y picantes. Siempre nos imitan, pero nunca nos han superado.<\/h4>\t\t\t\t\t\t\t\t<\/div>\n\t\t\t\t<\/div>\n\t\t\t\t<div class=\"elementor-element elementor-element-bf6acf elementor-widget elementor-widget-text-editor\" data-id=\"bf6acf\" data-element_type=\"widget\" data-settings=\"{&quot;ekit_we_effect_on&quot;:&quot;none&quot;}\" data-widget_type=\"text-editor.default\">\n\t\t\t\t<div class=\"elementor-widget-container\">\n\t\t\t\t\t\t\t\t\t<h3 class=\"a-spacing-small\" style=\"text-align: center;\">Caracter\u00edsticas del producto<\/h3>\t\t\t\t\t\t\t\t<\/div>\n\t\t\t\t<\/div>\n\t\t<div class=\"elementor-element elementor-element-16cc1517 e-grid e-con-full e-con e-child\" data-id=\"16cc1517\" data-element_type=\"container\" data-settings=\"{&quot;ekit_has_onepagescroll_dot&quot;:&quot;yes&quot;}\">\n\t\t\t\t<div class=\"elementor-element elementor-element-5f8ba7db elementor-position-top elementor-widget elementor-widget-image-box\" data-id=\"5f8ba7db\" data-element_type=\"widget\" data-settings=\"{&quot;ekit_we_effect_on&quot;:&quot;none&quot;}\" data-widget_type=\"image-box.default\">\n\t\t\t\t<div class=\"elementor-widget-container\">\n\t\t\t\t\t<div class=\"elementor-image-box-wrapper\"><figure class=\"elementor-image-box-img\"><img loading=\"lazy\" decoding=\"async\" width=\"220\" height=\"220\" src=\"https:\/\/ideapresentation.shop\/wp-content\/uploads\/2026\/02\/fd142f1e-a540-45f9-8d9e-85557968945a.__CR00220220_PT0_SX220_V1___.jpg\" class=\"attachment-full size-full wp-image-13289 wvs-archive-product-image\" alt=\"\" srcset=\"https:\/\/ideapresentation.shop\/wp-content\/uploads\/2026\/02\/fd142f1e-a540-45f9-8d9e-85557968945a.__CR00220220_PT0_SX220_V1___.jpg 220w, https:\/\/ideapresentation.shop\/wp-content\/uploads\/2026\/02\/fd142f1e-a540-45f9-8d9e-85557968945a.__CR00220220_PT0_SX220_V1___-150x150.jpg 150w, https:\/\/ideapresentation.shop\/wp-content\/uploads\/2026\/02\/fd142f1e-a540-45f9-8d9e-85557968945a.__CR00220220_PT0_SX220_V1___-12x12.jpg 12w, https:\/\/ideapresentation.shop\/wp-content\/uploads\/2026\/02\/fd142f1e-a540-45f9-8d9e-85557968945a.__CR00220220_PT0_SX220_V1___-100x100.jpg 100w, https:\/\/ideapresentation.shop\/wp-content\/uploads\/2026\/02\/fd142f1e-a540-45f9-8d9e-85557968945a.__CR00220220_PT0_SX220_V1___-50x50.jpg 50w, https:\/\/ideapresentation.shop\/wp-content\/uploads\/2026\/02\/fd142f1e-a540-45f9-8d9e-85557968945a.__CR00220220_PT0_SX220_V1___-1x1.jpg 1w, https:\/\/ideapresentation.shop\/wp-content\/uploads\/2026\/02\/fd142f1e-a540-45f9-8d9e-85557968945a.__CR00220220_PT0_SX220_V1___-10x10.jpg 10w\" sizes=\"auto, (max-width: 220px) 100vw, 220px\" \/><\/figure><div class=\"elementor-image-box-content\"><h3 class=\"elementor-image-box-title\">Aut\u00e9ntico<\/h3><p class=\"elementor-image-box-description\">Nuestro Samyang Carbonara Buldak Hot Spicy Chicken Ramen es dulce y salado entrelazados, rico y suave. El queso importado digno de la realeza, con una f\u00f3rmula especialmente elaborada y cremosa, facilita conseguir en casa sabores de calidad de restaurante.<\/p><\/div><\/div>\t\t\t\t<\/div>\n\t\t\t\t<\/div>\n\t\t\t\t<div class=\"elementor-element elementor-element-790c64f8 elementor-position-top elementor-widget elementor-widget-image-box\" data-id=\"790c64f8\" data-element_type=\"widget\" data-settings=\"{&quot;ekit_we_effect_on&quot;:&quot;none&quot;}\" data-widget_type=\"image-box.default\">\n\t\t\t\t<div class=\"elementor-widget-container\">\n\t\t\t\t\t<div class=\"elementor-image-box-wrapper\"><figure class=\"elementor-image-box-img\"><img loading=\"lazy\" decoding=\"async\" width=\"220\" height=\"220\" src=\"https:\/\/ideapresentation.shop\/wp-content\/uploads\/2026\/02\/b729f9cf-e172-45a7-b6cf-62a904cfed15.__CR00220220_PT0_SX220_V1___.jpg\" class=\"attachment-full size-full wp-image-13290 wvs-archive-product-image\" alt=\"\" srcset=\"https:\/\/ideapresentation.shop\/wp-content\/uploads\/2026\/02\/b729f9cf-e172-45a7-b6cf-62a904cfed15.__CR00220220_PT0_SX220_V1___.jpg 220w, https:\/\/ideapresentation.shop\/wp-content\/uploads\/2026\/02\/b729f9cf-e172-45a7-b6cf-62a904cfed15.__CR00220220_PT0_SX220_V1___-150x150.jpg 150w, https:\/\/ideapresentation.shop\/wp-content\/uploads\/2026\/02\/b729f9cf-e172-45a7-b6cf-62a904cfed15.__CR00220220_PT0_SX220_V1___-12x12.jpg 12w, https:\/\/ideapresentation.shop\/wp-content\/uploads\/2026\/02\/b729f9cf-e172-45a7-b6cf-62a904cfed15.__CR00220220_PT0_SX220_V1___-100x100.jpg 100w, https:\/\/ideapresentation.shop\/wp-content\/uploads\/2026\/02\/b729f9cf-e172-45a7-b6cf-62a904cfed15.__CR00220220_PT0_SX220_V1___-50x50.jpg 50w, https:\/\/ideapresentation.shop\/wp-content\/uploads\/2026\/02\/b729f9cf-e172-45a7-b6cf-62a904cfed15.__CR00220220_PT0_SX220_V1___-1x1.jpg 1w, https:\/\/ideapresentation.shop\/wp-content\/uploads\/2026\/02\/b729f9cf-e172-45a7-b6cf-62a904cfed15.__CR00220220_PT0_SX220_V1___-10x10.jpg 10w\" sizes=\"auto, (max-width: 220px) 100vw, 220px\" \/><\/figure><div class=\"elementor-image-box-content\"><h3 class=\"elementor-image-box-title\">Salsa<\/h3><p class=\"elementor-image-box-description\">Nuestra salsa tiene una melod\u00eda especial real, que hace que su casa se llene de fragancia. Condensada y refinada mediante m\u00faltiples procesos, su puro sabor dulce y picante la convierte en un picante suave y no irritante.<\/p><\/div><\/div>\t\t\t\t<\/div>\n\t\t\t\t<\/div>\n\t\t\t\t<div class=\"elementor-element elementor-element-2c2e95c3 elementor-position-top elementor-widget elementor-widget-image-box\" data-id=\"2c2e95c3\" data-element_type=\"widget\" data-settings=\"{&quot;ekit_we_effect_on&quot;:&quot;none&quot;}\" data-widget_type=\"image-box.default\">\n\t\t\t\t<div class=\"elementor-widget-container\">\n\t\t\t\t\t<div class=\"elementor-image-box-wrapper\"><figure class=\"elementor-image-box-img\"><img loading=\"lazy\" decoding=\"async\" width=\"220\" height=\"220\" src=\"https:\/\/ideapresentation.shop\/wp-content\/uploads\/2026\/02\/e4a18703-c7fe-404a-a7e4-fe53d58aed24.__CR00220220_PT0_SX220_V1___.jpg\" class=\"attachment-full size-full wp-image-13291 wvs-archive-product-image\" alt=\"\" srcset=\"https:\/\/ideapresentation.shop\/wp-content\/uploads\/2026\/02\/e4a18703-c7fe-404a-a7e4-fe53d58aed24.__CR00220220_PT0_SX220_V1___.jpg 220w, https:\/\/ideapresentation.shop\/wp-content\/uploads\/2026\/02\/e4a18703-c7fe-404a-a7e4-fe53d58aed24.__CR00220220_PT0_SX220_V1___-150x150.jpg 150w, https:\/\/ideapresentation.shop\/wp-content\/uploads\/2026\/02\/e4a18703-c7fe-404a-a7e4-fe53d58aed24.__CR00220220_PT0_SX220_V1___-12x12.jpg 12w, https:\/\/ideapresentation.shop\/wp-content\/uploads\/2026\/02\/e4a18703-c7fe-404a-a7e4-fe53d58aed24.__CR00220220_PT0_SX220_V1___-100x100.jpg 100w, https:\/\/ideapresentation.shop\/wp-content\/uploads\/2026\/02\/e4a18703-c7fe-404a-a7e4-fe53d58aed24.__CR00220220_PT0_SX220_V1___-50x50.jpg 50w, https:\/\/ideapresentation.shop\/wp-content\/uploads\/2026\/02\/e4a18703-c7fe-404a-a7e4-fe53d58aed24.__CR00220220_PT0_SX220_V1___-1x1.jpg 1w, https:\/\/ideapresentation.shop\/wp-content\/uploads\/2026\/02\/e4a18703-c7fe-404a-a7e4-fe53d58aed24.__CR00220220_PT0_SX220_V1___-10x10.jpg 10w\" sizes=\"auto, (max-width: 220px) 100vw, 220px\" \/><\/figure><div class=\"elementor-image-box-content\"><h3 class=\"elementor-image-box-title\">Fideos<\/h3><p class=\"elementor-image-box-description\">Nuestros fideos no quedar\u00e1n blandos tras una cocci\u00f3n prolongada, son masticables, suaves e incre\u00edblemente el\u00e1sticos. La harina es originaria de Corea trigo de alto gluten, con un ancho de dureza de 3 mm, y se produce utilizando nuestro proceso de fabricaci\u00f3n patentado.<\/p><\/div><\/div>\t\t\t\t<\/div>\n\t\t\t\t<\/div>\n\t\t\t\t<div class=\"elementor-element elementor-element-2ee3c67c elementor-position-top elementor-widget elementor-widget-image-box\" data-id=\"2ee3c67c\" data-element_type=\"widget\" data-settings=\"{&quot;ekit_we_effect_on&quot;:&quot;none&quot;}\" data-widget_type=\"image-box.default\">\n\t\t\t\t<div class=\"elementor-widget-container\">\n\t\t\t\t\t<div class=\"elementor-image-box-wrapper\"><figure class=\"elementor-image-box-img\"><img loading=\"lazy\" decoding=\"async\" width=\"220\" height=\"220\" src=\"https:\/\/ideapresentation.shop\/wp-content\/uploads\/2026\/02\/19ad1f51-f21a-448f-9d35-d71deb522753.__CR00220220_PT0_SX220_V1___.jpg\" class=\"attachment-full size-full wp-image-13292 wvs-archive-product-image\" alt=\"\" srcset=\"https:\/\/ideapresentation.shop\/wp-content\/uploads\/2026\/02\/19ad1f51-f21a-448f-9d35-d71deb522753.__CR00220220_PT0_SX220_V1___.jpg 220w, https:\/\/ideapresentation.shop\/wp-content\/uploads\/2026\/02\/19ad1f51-f21a-448f-9d35-d71deb522753.__CR00220220_PT0_SX220_V1___-150x150.jpg 150w, https:\/\/ideapresentation.shop\/wp-content\/uploads\/2026\/02\/19ad1f51-f21a-448f-9d35-d71deb522753.__CR00220220_PT0_SX220_V1___-12x12.jpg 12w, https:\/\/ideapresentation.shop\/wp-content\/uploads\/2026\/02\/19ad1f51-f21a-448f-9d35-d71deb522753.__CR00220220_PT0_SX220_V1___-100x100.jpg 100w, https:\/\/ideapresentation.shop\/wp-content\/uploads\/2026\/02\/19ad1f51-f21a-448f-9d35-d71deb522753.__CR00220220_PT0_SX220_V1___-50x50.jpg 50w, https:\/\/ideapresentation.shop\/wp-content\/uploads\/2026\/02\/19ad1f51-f21a-448f-9d35-d71deb522753.__CR00220220_PT0_SX220_V1___-1x1.jpg 1w, https:\/\/ideapresentation.shop\/wp-content\/uploads\/2026\/02\/19ad1f51-f21a-448f-9d35-d71deb522753.__CR00220220_PT0_SX220_V1___-10x10.jpg 10w\" sizes=\"auto, (max-width: 220px) 100vw, 220px\" \/><\/figure><div class=\"elementor-image-box-content\"><h3 class=\"elementor-image-box-title\">Polvo<\/h3><p class=\"elementor-image-box-description\">Nuestros fideos se combinan con nata en polvo condensada y queso royal premium. La misma f\u00f3rmula que el restaurante occidental, el condimento compuesto es m\u00e1s intenso, y el sabor es m\u00e1s rico.<\/p><\/div><\/div>\t\t\t\t<\/div>\n\t\t\t\t<\/div>\n\t\t\t\t<\/div>\n\t\t\t\t<div class=\"elementor-element elementor-element-62f0c506 elementor-widget elementor-widget-text-editor\" data-id=\"62f0c506\" data-element_type=\"widget\" data-settings=\"{&quot;ekit_we_effect_on&quot;:&quot;none&quot;}\" data-widget_type=\"text-editor.default\">\n\t\t\t\t<div class=\"elementor-widget-container\">\n\t\t\t\t\t\t\t\t\t<h3 class=\"a-spacing-mini\" style=\"text-align: center;\">\u00bfC\u00f3mo preparar unos deliciosos fideos Samyang?<\/h3>\t\t\t\t\t\t\t\t<\/div>\n\t\t\t\t<\/div>\n\t\t\t\t<div class=\"elementor-element elementor-element-30dfa1fd elementor-widget elementor-widget-image\" data-id=\"30dfa1fd\" data-element_type=\"widget\" data-settings=\"{&quot;ekit_we_effect_on&quot;:&quot;none&quot;}\" data-widget_type=\"image.default\">\n\t\t\t\t<div class=\"elementor-widget-container\">\n\t\t\t\t\t\t\t\t\t\t\t\t\t\t\t<img loading=\"lazy\" decoding=\"async\" width=\"970\" height=\"600\" src=\"https:\/\/ideapresentation.shop\/wp-content\/uploads\/2026\/02\/63737604-31bd-43a1-8f8a-5ef7faf5b6c0.__CR00970600_PT0_SX970_V1___.jpg\" class=\"attachment-full size-full wp-image-13293 wvs-archive-product-image\" alt=\"\" srcset=\"https:\/\/ideapresentation.shop\/wp-content\/uploads\/2026\/02\/63737604-31bd-43a1-8f8a-5ef7faf5b6c0.__CR00970600_PT0_SX970_V1___.jpg 970w, https:\/\/ideapresentation.shop\/wp-content\/uploads\/2026\/02\/63737604-31bd-43a1-8f8a-5ef7faf5b6c0.__CR00970600_PT0_SX970_V1___-300x186.jpg 300w, https:\/\/ideapresentation.shop\/wp-content\/uploads\/2026\/02\/63737604-31bd-43a1-8f8a-5ef7faf5b6c0.__CR00970600_PT0_SX970_V1___-768x475.jpg 768w, https:\/\/ideapresentation.shop\/wp-content\/uploads\/2026\/02\/63737604-31bd-43a1-8f8a-5ef7faf5b6c0.__CR00970600_PT0_SX970_V1___-18x12.jpg 18w, https:\/\/ideapresentation.shop\/wp-content\/uploads\/2026\/02\/63737604-31bd-43a1-8f8a-5ef7faf5b6c0.__CR00970600_PT0_SX970_V1___-600x371.jpg 600w, https:\/\/ideapresentation.shop\/wp-content\/uploads\/2026\/02\/63737604-31bd-43a1-8f8a-5ef7faf5b6c0.__CR00970600_PT0_SX970_V1___-1x1.jpg 1w, https:\/\/ideapresentation.shop\/wp-content\/uploads\/2026\/02\/63737604-31bd-43a1-8f8a-5ef7faf5b6c0.__CR00970600_PT0_SX970_V1___-10x6.jpg 10w\" sizes=\"auto, (max-width: 970px) 100vw, 970px\" \/>\t\t\t\t\t\t\t\t\t\t\t\t\t\t\t<\/div>\n\t\t\t\t<\/div>\n\t\t\t\t<div class=\"elementor-element elementor-element-14581e59 elementor-widget elementor-widget-text-editor\" data-id=\"14581e59\" data-element_type=\"widget\" data-settings=\"{&quot;ekit_we_effect_on&quot;:&quot;none&quot;}\" data-widget_type=\"text-editor.default\">\n\t\t\t\t<div class=\"elementor-widget-container\">\n\t\t\t\t\t\t\t\t\t<h4 style=\"text-align: center;\"><span class=\"a-list-item\">Cocer los fideos en agua hirviendo durante 5 minutos. Dejar 8 cucharadas de agua al verterlos.<\/span><\/h4><h4 style=\"text-align: center;\"><span class=\"a-list-item\">Seg\u00fan el gusto personal, a\u00f1adir una cantidad adecuada de salsa para ajustar el picante, y saltear durante 30 segundos.<\/span><\/h4><h4 style=\"text-align: center;\"><span class=\"a-list-item\">Se espolvorean con los ingredientes y se remueven para obtener unos deliciosos fideos Samyang.<\/span><\/h4>\t\t\t\t\t\t\t\t<\/div>\n\t\t\t\t<\/div>\n\t\t\t\t<div class=\"elementor-element elementor-element-4a7190de elementor-widget elementor-widget-image\" data-id=\"4a7190de\" data-element_type=\"widget\" data-settings=\"{&quot;ekit_we_effect_on&quot;:&quot;none&quot;}\" data-widget_type=\"image.default\">\n\t\t\t\t<div class=\"elementor-widget-container\">\n\t\t\t\t\t\t\t\t\t\t\t\t\t\t\t<img loading=\"lazy\" decoding=\"async\" width=\"970\" height=\"600\" src=\"https:\/\/ideapresentation.shop\/wp-content\/uploads\/2026\/02\/b3ff690b-64f9-4652-afbb-395b8d32f646.__CR00970600_PT0_SX970_V1___.jpg\" class=\"attachment-full size-full wp-image-13294 wvs-archive-product-image\" alt=\"\" srcset=\"https:\/\/ideapresentation.shop\/wp-content\/uploads\/2026\/02\/b3ff690b-64f9-4652-afbb-395b8d32f646.__CR00970600_PT0_SX970_V1___.jpg 970w, https:\/\/ideapresentation.shop\/wp-content\/uploads\/2026\/02\/b3ff690b-64f9-4652-afbb-395b8d32f646.__CR00970600_PT0_SX970_V1___-300x186.jpg 300w, https:\/\/ideapresentation.shop\/wp-content\/uploads\/2026\/02\/b3ff690b-64f9-4652-afbb-395b8d32f646.__CR00970600_PT0_SX970_V1___-768x475.jpg 768w, https:\/\/ideapresentation.shop\/wp-content\/uploads\/2026\/02\/b3ff690b-64f9-4652-afbb-395b8d32f646.__CR00970600_PT0_SX970_V1___-18x12.jpg 18w, https:\/\/ideapresentation.shop\/wp-content\/uploads\/2026\/02\/b3ff690b-64f9-4652-afbb-395b8d32f646.__CR00970600_PT0_SX970_V1___-600x371.jpg 600w, https:\/\/ideapresentation.shop\/wp-content\/uploads\/2026\/02\/b3ff690b-64f9-4652-afbb-395b8d32f646.__CR00970600_PT0_SX970_V1___-1x1.jpg 1w, https:\/\/ideapresentation.shop\/wp-content\/uploads\/2026\/02\/b3ff690b-64f9-4652-afbb-395b8d32f646.__CR00970600_PT0_SX970_V1___-10x6.jpg 10w\" sizes=\"auto, (max-width: 970px) 100vw, 970px\" \/>\t\t\t\t\t\t\t\t\t\t\t\t\t\t\t<\/div>\n\t\t\t\t<\/div>\n\t\t\t\t<div class=\"elementor-element elementor-element-6ef97961 elementor-widget elementor-widget-text-editor\" data-id=\"6ef97961\" data-element_type=\"widget\" data-settings=\"{&quot;ekit_we_effect_on&quot;:&quot;none&quot;}\" data-widget_type=\"text-editor.default\">\n\t\t\t\t<div class=\"elementor-widget-container\">\n\t\t\t\t\t\t\t\t\t<!DOCTYPE html>\n<html>\n<head>\n    <style>\n        .spec-table {\n            width: 100%;\n            border-collapse: collapse;\n            font-family: Arial, sans-serif;\n        }\n        .spec-table tr {\n            border-bottom: 1px solid #000;\n        }\n        .spec-table td {\n            padding: 10px 0;\n            text-align: left;\n        }\n        .spec-table td:first-child {\n            font-weight: bold;\n            width: 40%;\n        }\n        .highlight {\n            font-weight: bold;\n            color: #333;\n        }\n    <\/style>\n<\/head>\n<body>\n    <table class=\"spec-table\">\n        <tr>\n            <td>Especificaciones<\/td>\n            <td><\/td>\n        <\/tr>\n        <tr>\n            <td>Peso (kg)<\/td>\n            <td class=\"highlight\">0.65<\/td>\n        <\/tr>\n        <tr>\n            <td>Nombre del departamento<\/td>\n            <td class=\"highlight\">Adultos<\/td>\n        <\/tr>\n        <tr>\n            <td>Vida \u00fatil<\/td>\n            <td class=\"highlight\">12 meses<\/td>\n        <\/tr>\n        <tr>\n            <td>Origen<\/td>\n            <td class=\"highlight\">KR (Origen)<\/td>\n        <\/tr>\n    <\/table>\n<\/body>\n<\/html>\t\t\t\t\t\t\t\t<\/div>\n\t\t\t\t<\/div>\n\t\t\t\t\t<\/div>\n\t\t\t\t<\/div>\n\t\t\t\t<\/div>","protected":false},"excerpt":{"rendered":"<p>Samyang Buldak Hot Spicy Chicken Ramen Samyang Buldak Hot Spicy Chicken Ramen from Korea, the originator of hot and spicy&#8230;<\/p>","protected":false},"featured_media":13277,"comment_status":"open","ping_status":"closed","template":"","meta":{"_acf_changed":false},"etheme_brands":[],"product_brand":[],"product_cat":[118],"product_tag":[],"class_list":{"0":"post-13273","1":"product","2":"type-product","3":"status-publish","4":"has-post-thumbnail","6":"product_cat-sale-shop","8":"first","9":"instock","10":"sale","11":"shipping-taxable","12":"purchasable","13":"product-type-variable","14":"has-default-attributes","15":"wvs-archive-product-wrapper"},"acf":[],"_links":{"self":[{"href":"https:\/\/ideapresentation.shop\/es\/wp-json\/wp\/v2\/product\/13273","targetHints":{"allow":["GET"]}}],"collection":[{"href":"https:\/\/ideapresentation.shop\/es\/wp-json\/wp\/v2\/product"}],"about":[{"href":"https:\/\/ideapresentation.shop\/es\/wp-json\/wp\/v2\/types\/product"}],"replies":[{"embeddable":true,"href":"https:\/\/ideapresentation.shop\/es\/wp-json\/wp\/v2\/comments?post=13273"}],"version-history":[{"count":4,"href":"https:\/\/ideapresentation.shop\/es\/wp-json\/wp\/v2\/product\/13273\/revisions"}],"predecessor-version":[{"id":13302,"href":"https:\/\/ideapresentation.shop\/es\/wp-json\/wp\/v2\/product\/13273\/revisions\/13302"}],"wp:featuredmedia":[{"embeddable":true,"href":"https:\/\/ideapresentation.shop\/es\/wp-json\/wp\/v2\/media\/13277"}],"wp:attachment":[{"href":"https:\/\/ideapresentation.shop\/es\/wp-json\/wp\/v2\/media?parent=13273"}],"wp:term":[{"taxonomy":"brand","embeddable":true,"href":"https:\/\/ideapresentation.shop\/es\/wp-json\/wp\/v2\/etheme_brands?post=13273"},{"taxonomy":"product_brand","embeddable":true,"href":"https:\/\/ideapresentation.shop\/es\/wp-json\/wp\/v2\/product_brand?post=13273"},{"taxonomy":"product_cat","embeddable":true,"href":"https:\/\/ideapresentation.shop\/es\/wp-json\/wp\/v2\/product_cat?post=13273"},{"taxonomy":"product_tag","embeddable":true,"href":"https:\/\/ideapresentation.shop\/es\/wp-json\/wp\/v2\/product_tag?post=13273"}],"curies":[{"name":"wp","href":"https:\/\/api.w.org\/{rel}","templated":true}]}}